{"id":187,"date":"2019-09-11T13:14:24","date_gmt":"2019-09-11T13:14:24","guid":{"rendered":"http:\/\/www.silverlininghomedecor.com\/home\/"},"modified":"2024-01-30T17:47:10","modified_gmt":"2024-01-30T17:47:10","slug":"home","status":"publish","type":"page","link":"https:\/\/www.silverlininghomedecor.com\/fr\/","title":{"rendered":"Home"},"content":{"rendered":"\n<h2 class=\"wp-block-heading\">CHEZ SILVER LINING HOME D\u00c9COR ET DESIGN INT\u00c9RIEUR &#8211; FAIRE LA DIFF\u00c9RENCE<\/h2>\n\n\n\n<p>Un espace bien con\u00e7u doit \u00eatre fonctionnel et refl\u00e9ter un style qui vous rend heureux. <\/p>\n\n\n\n<p>En tant de consultant de design, je peux vous aider \u00e0 r\u00e9inventer votre espace en vous proposant des concepts de design d\u2019int\u00e9rieur cr\u00e9atifs ainsi que des rendus 2D\/3D qui vous aideront \u00e0 visualiser ces concepts.\u00a0 <\/p>\n\n\n\n<p><em>Les possibilit\u00e9s sont infinies, contactez-moi d\u00e8s aujourd\u2019hui pour une consultation gratuite en design \u00e0 Fredericton et dans les environs (506) 260-6398.<\/em><\/p>\n\n\n\n<div class=\"wp-block-button\"><a class=\"wp-block-button__link wp-element-button\" href=\"https:\/\/www.silverlininghomedecor.com\/fr\/meet-the-designer\/\">Rencontrer la designer<\/a><\/div>\n\n\n\n<div class=\"wp-block-columns has-6-columns is-layout-flex wp-container-7\">\n<div class=\"wp-block-column is-layout-flow\"><div class=\"wp-block-image\">\n<figure class=\"aligncenter size-thumbnail is-resized\"><img decoding=\"async\" src=\"https:\/\/www.silverlininghomedecor.com\/wp-content\/uploads\/2023\/03\/Houzz-BestOfAward-2025-150x150.png\" alt=\"Best of Houzz Service - 2025\" class=\"wp-image-1351\" width=\"80\" height=\"80\" srcset=\"https:\/\/www.silverlininghomedecor.com\/wp-content\/uploads\/2023\/03\/Houzz-BestOfAward-2025-150x150.png 150w, https:\/\/www.silverlininghomedecor.com\/wp-content\/uploads\/2023\/03\/Houzz-BestOfAward-2025-300x300.png 300w, https:\/\/www.silverlininghomedecor.com\/wp-content\/uploads\/2023\/03\/Houzz-BestOfAward-2025-50x50.png 50w, https:\/\/www.silverlininghomedecor.com\/wp-content\/uploads\/2023\/03\/Houzz-BestOfAward-2025.png 427w\" sizes=\"(max-width: 80px) 100vw, 80px\" \/><\/figure><\/div><\/div>\n\n\n\n<div class=\"wp-block-column is-layout-flow\"><div class=\"wp-block-image\">\n<figure class=\"aligncenter size-thumbnail is-resized\"><img decoding=\"async\" src=\"https:\/\/www.silverlininghomedecor.com\/wp-content\/uploads\/2023\/03\/Houzz-BestOfAward-2024-150x150.png\" alt=\"Best of Houzz Service - 2024\" class=\"wp-image-1353\" width=\"80\" height=\"80\" srcset=\"https:\/\/www.silverlininghomedecor.com\/wp-content\/uploads\/2023\/03\/Houzz-BestOfAward-2024-150x150.png 150w, https:\/\/www.silverlininghomedecor.com\/wp-content\/uploads\/2023\/03\/Houzz-BestOfAward-2024-300x300.png 300w, https:\/\/www.silverlininghomedecor.com\/wp-content\/uploads\/2023\/03\/Houzz-BestOfAward-2024-50x50.png 50w, https:\/\/www.silverlininghomedecor.com\/wp-content\/uploads\/2023\/03\/Houzz-BestOfAward-2024.png 427w\" sizes=\"(max-width: 80px) 100vw, 80px\" \/><\/figure><\/div><\/div>\n\n\n\n<div class=\"wp-block-column is-layout-flow\"><div class=\"wp-block-image\">\n<figure class=\"aligncenter is-resized\"><a href=\"https:\/\/www.houzz.com\/professionals\/interior-designers-and-decorators\/silver-lining-home-decor-pfvwus-pf~1513545398?\" target=\"_blank\" rel=\"noreferrer noopener\"><img decoding=\"async\" src=\"http:\/\/www.silverlininghomedecor.com\/wp-content\/uploads\/2023\/03\/2022-BestOfHouzzService.jpg\" alt=\"\" class=\"wp-image-942\" width=\"80\" height=\"80\" srcset=\"https:\/\/www.silverlininghomedecor.com\/wp-content\/uploads\/2023\/03\/2022-BestOfHouzzService.jpg 338w, https:\/\/www.silverlininghomedecor.com\/wp-content\/uploads\/2023\/03\/2022-BestOfHouzzService-150x150.jpg 150w, https:\/\/www.silverlininghomedecor.com\/wp-content\/uploads\/2023\/03\/2022-BestOfHouzzService-300x300.jpg 300w, https:\/\/www.silverlininghomedecor.com\/wp-content\/uploads\/2023\/03\/2022-BestOfHouzzService-50x50.jpg 50w\" sizes=\"(max-width: 80px) 100vw, 80px\" \/><\/a><\/figure><\/div><\/div>\n\n\n\n<div class=\"wp-block-column is-layout-flow\"><div class=\"wp-block-image\">\n<figure class=\"aligncenter is-resized\"><a href=\"https:\/\/www.houzz.com\/professionals\/interior-designers-and-decorators\/silver-lining-home-decor-pfvwus-pf~1513545398?\" target=\"_blank\" rel=\"noreferrer noopener\"><img decoding=\"async\" src=\"http:\/\/www.silverlininghomedecor.com\/wp-content\/uploads\/2023\/03\/2023-BestOfHouzzService.jpg\" alt=\"\" class=\"wp-image-940\" width=\"80\" height=\"80\" srcset=\"https:\/\/www.silverlininghomedecor.com\/wp-content\/uploads\/2023\/03\/2023-BestOfHouzzService.jpg 343w, https:\/\/www.silverlininghomedecor.com\/wp-content\/uploads\/2023\/03\/2023-BestOfHouzzService-150x150.jpg 150w, https:\/\/www.silverlininghomedecor.com\/wp-content\/uploads\/2023\/03\/2023-BestOfHouzzService-297x300.jpg 297w, https:\/\/www.silverlininghomedecor.com\/wp-content\/uploads\/2023\/03\/2023-BestOfHouzzService-50x50.jpg 50w\" sizes=\"(max-width: 80px) 100vw, 80px\" \/><\/a><\/figure><\/div><\/div>\n\n\n\n<div class=\"wp-block-column is-layout-flow\"><div class=\"wp-block-image\">\n<figure class=\"aligncenter is-resized\"><a href=\"https:\/\/www.houzz.com\/professionals\/interior-designers-and-decorators\/silver-lining-home-decor-pfvwus-pf~1513545398?\" target=\"_blank\" rel=\"noreferrer noopener\"><img decoding=\"async\" src=\"http:\/\/www.silverlininghomedecor.com\/wp-content\/uploads\/2022\/03\/EN_BOH_IG_FeedPost_Service_Illust-1024x1024.png\" alt=\"\" class=\"wp-image-915\" width=\"80\" height=\"80\" srcset=\"https:\/\/www.silverlininghomedecor.com\/wp-content\/uploads\/2022\/03\/EN_BOH_IG_FeedPost_Service_Illust-1024x1024.png 1024w, https:\/\/www.silverlininghomedecor.com\/wp-content\/uploads\/2022\/03\/EN_BOH_IG_FeedPost_Service_Illust-150x150.png 150w, https:\/\/www.silverlininghomedecor.com\/wp-content\/uploads\/2022\/03\/EN_BOH_IG_FeedPost_Service_Illust-300x300.png 300w, https:\/\/www.silverlininghomedecor.com\/wp-content\/uploads\/2022\/03\/EN_BOH_IG_FeedPost_Service_Illust-768x768.png 768w, https:\/\/www.silverlininghomedecor.com\/wp-content\/uploads\/2022\/03\/EN_BOH_IG_FeedPost_Service_Illust-50x50.png 50w, https:\/\/www.silverlininghomedecor.com\/wp-content\/uploads\/2022\/03\/EN_BOH_IG_FeedPost_Service_Illust.png 1080w\" sizes=\"(max-width: 80px) 100vw, 80px\" \/><\/a><\/figure><\/div><\/div>\n\n\n\n<div class=\"wp-block-column is-layout-flow\"><div class=\"wp-block-image\">\n<figure class=\"aligncenter is-resized\"><a href=\"https:\/\/www.houzz.com\/professionals\/interior-designers-and-decorators\/silver-lining-home-decor-pfvwus-pf~1513545398?\" target=\"_blank\" rel=\"noreferrer noopener\"><img decoding=\"async\" src=\"http:\/\/www.silverlininghomedecor.com\/wp-content\/uploads\/2023\/03\/badge_54_7@2x.png\" alt=\"\" class=\"wp-image-948\" width=\"80\" height=\"80\" srcset=\"https:\/\/www.silverlininghomedecor.com\/wp-content\/uploads\/2023\/03\/badge_54_7@2x.png 108w, https:\/\/www.silverlininghomedecor.com\/wp-content\/uploads\/2023\/03\/badge_54_7@2x-50x50.png 50w\" sizes=\"(max-width: 80px) 100vw, 80px\" \/><\/a><\/figure><\/div><\/div>\n<\/div>\n\n\n\n<div class=\"wp-block-columns has-6-columns is-layout-flex wp-container-14\">\n<div class=\"wp-block-column is-layout-flow\"><\/div>\n\n\n\n<div class=\"wp-block-column is-layout-flow\"><\/div>\n\n\n\n<div class=\"wp-block-column is-layout-flow\"><div class=\"wp-block-image\">\n<figure class=\"aligncenter is-resized\"><a href=\"https:\/\/www.houzz.com\/professionals\/interior-designers-and-decorators\/silver-lining-home-decor-pfvwus-pf~1513545398?\" target=\"_blank\" rel=\"noreferrer noopener\"><img decoding=\"async\" src=\"http:\/\/www.silverlininghomedecor.com\/wp-content\/uploads\/2020\/08\/image002.jpg\" alt=\"\" class=\"wp-image-776\" width=\"80\" height=\"80\" srcset=\"https:\/\/www.silverlininghomedecor.com\/wp-content\/uploads\/2020\/08\/image002.jpg 160w, https:\/\/www.silverlininghomedecor.com\/wp-content\/uploads\/2020\/08\/image002-150x150.jpg 150w, https:\/\/www.silverlininghomedecor.com\/wp-content\/uploads\/2020\/08\/image002-50x50.jpg 50w\" sizes=\"(max-width: 80px) 100vw, 80px\" \/><\/a><\/figure><\/div><\/div>\n\n\n\n<div class=\"wp-block-column is-layout-flow\"><div class=\"wp-block-image\">\n<figure class=\"aligncenter is-resized\"><a href=\"https:\/\/www.houzz.com\/professionals\/interior-designers-and-decorators\/silver-lining-home-decor-pfvwus-pf~1513545398?\" target=\"_blank\" rel=\"noreferrer noopener\"><img decoding=\"async\" src=\"http:\/\/www.silverlininghomedecor.com\/wp-content\/uploads\/2023\/03\/badge_20_7@2x.png\" alt=\"\" class=\"wp-image-950\" width=\"80\" height=\"80\" srcset=\"https:\/\/www.silverlininghomedecor.com\/wp-content\/uploads\/2023\/03\/badge_20_7@2x.png 108w, https:\/\/www.silverlininghomedecor.com\/wp-content\/uploads\/2023\/03\/badge_20_7@2x-50x50.png 50w\" sizes=\"(max-width: 80px) 100vw, 80px\" \/><\/a><\/figure><\/div><\/div>\n\n\n\n<div class=\"wp-block-column is-layout-flow\"><\/div>\n\n\n\n<div class=\"wp-block-column is-layout-flow\"><\/div>\n<\/div>\n\n\n\n<div class=\"wp-block-buttons is-content-justification-center is-layout-flex wp-container-15\">\n<div class=\"wp-block-button is-style-fill\"><a class=\"wp-block-button__link wp-element-button\" href=\"https:\/\/www.houzz.com\/professionals\/interior-designers-and-decorators\/silver-lining-home-decor-pfvwus-pf~1513545398?\" target=\"_blank\" rel=\"noreferrer noopener\">Silver Lining &#8211; Houzz<\/a><\/div>\n<\/div>\n","protected":false},"excerpt":{"rendered":"<p>CHEZ SILVER LINING HOME D\u00c9COR ET DESIGN INT\u00c9RIEUR &#8211; FAIRE LA DIFF\u00c9RENCE Un espace bien con\u00e7u doit \u00eatre fonctionnel et refl\u00e9ter un style qui vous rend heureux. En tant de consultant de design, je peux vous aider \u00e0 r\u00e9inventer votre espace en vous proposant des concepts de design d\u2019int\u00e9rieur cr\u00e9atifs ainsi que des rendus 2D\/3D [&hellip;]<\/p>\n","protected":false},"author":2,"featured_media":0,"parent":0,"menu_order":0,"comment_status":"closed","ping_status":"closed","template":"pages\/template-home.php","meta":[],"acf":[],"yoast_head":"<!-- This site is optimized with the Yoast SEO plugin v20.8 - https:\/\/yoast.com\/wordpress\/plugins\/seo\/ -->\n<title>Silver Lining Interior Design &amp; Home D\u00e9cor - Fredericton NB<\/title>\n<meta name=\"description\" content=\"Silver Lining Interior Design &amp; Home D\u00e9cor offre des services de conception, de d\u00e9coration et de mise en sc\u00e8ne pour r\u00e9pondre \u00e0 vos besoins. Services offerts \u00e0 Frederiction Nouveau-Brunswick et dans les communaut\u00e9s environnantes.\" \/>\n<meta name=\"robots\" content=\"index, follow, max-snippet:-1, max-image-preview:large, max-video-preview:-1\" \/>\n<link rel=\"canonical\" href=\"https:\/\/www.silverlininghomedecor.com\/fr\/\" \/>\n<meta property=\"og:locale\" content=\"fr_FR\" \/>\n<meta property=\"og:type\" content=\"article\" \/>\n<meta property=\"og:title\" content=\"Silver Lining Interior Design &amp; Home D\u00e9cor - Fredericton NB\" \/>\n<meta property=\"og:description\" content=\"Silver Lining Interior Design &amp; Home D\u00e9cor offre des services de conception, de d\u00e9coration et de mise en sc\u00e8ne pour r\u00e9pondre \u00e0 vos besoins. Services offerts \u00e0 Frederiction Nouveau-Brunswick et dans les communaut\u00e9s environnantes.\" \/>\n<meta property=\"og:url\" content=\"https:\/\/www.silverlininghomedecor.com\/fr\/\" \/>\n<meta property=\"og:site_name\" content=\"Silver Lining Interior Design &amp; Home D\u00e9cor - Fredericton NB\" \/>\n<meta property=\"article:publisher\" content=\"https:\/\/www.facebook.com\/silverlininghomedecor\" \/>\n<meta property=\"article:modified_time\" content=\"2024-01-30T17:47:10+00:00\" \/>\n<meta property=\"og:image\" content=\"https:\/\/www.silverlininghomedecor.com\/wp-content\/uploads\/2023\/05\/Screen-Shot-2023-05-31-at-9.05.44-AM.jpg\" \/>\n\t<meta property=\"og:image:width\" content=\"1200\" \/>\n\t<meta property=\"og:image:height\" content=\"675\" \/>\n\t<meta property=\"og:image:type\" content=\"image\/jpeg\" \/>\n<meta name=\"twitter:card\" content=\"summary_large_image\" \/>\n<meta name=\"twitter:label1\" content=\"Dur\u00e9e de lecture estim\u00e9e\" \/>\n\t<meta name=\"twitter:data1\" content=\"1 minute\" \/>\n<script type=\"application\/ld+json\" class=\"yoast-schema-graph\">{\"@context\":\"https:\/\/schema.org\",\"@graph\":[{\"@type\":\"WebPage\",\"@id\":\"https:\/\/www.silverlininghomedecor.com\/fr\/\",\"url\":\"https:\/\/www.silverlininghomedecor.com\/fr\/\",\"name\":\"Silver Lining Interior Design &amp; Home D\u00e9cor - Fredericton NB\",\"isPartOf\":{\"@id\":\"https:\/\/www.silverlininghomedecor.com\/fr\/#website\"},\"datePublished\":\"2019-09-11T13:14:24+00:00\",\"dateModified\":\"2024-01-30T17:47:10+00:00\",\"description\":\"Silver Lining Interior Design & Home D\u00e9cor offre des services de conception, de d\u00e9coration et de mise en sc\u00e8ne pour r\u00e9pondre \u00e0 vos besoins. Services offerts \u00e0 Frederiction Nouveau-Brunswick et dans les communaut\u00e9s environnantes.\",\"breadcrumb\":{\"@id\":\"https:\/\/www.silverlininghomedecor.com\/fr\/#breadcrumb\"},\"inLanguage\":\"fr-FR\",\"potentialAction\":[{\"@type\":\"ReadAction\",\"target\":[\"https:\/\/www.silverlininghomedecor.com\/fr\/\"]}]},{\"@type\":\"BreadcrumbList\",\"@id\":\"https:\/\/www.silverlininghomedecor.com\/fr\/#breadcrumb\",\"itemListElement\":[{\"@type\":\"ListItem\",\"position\":1,\"name\":\"Home\",\"item\":\"https:\/\/www.silverlininghomedecor.com\/fr\/\"},{\"@type\":\"ListItem\",\"position\":2,\"name\":\"Home\"}]},{\"@type\":\"WebSite\",\"@id\":\"https:\/\/www.silverlininghomedecor.com\/fr\/#website\",\"url\":\"https:\/\/www.silverlininghomedecor.com\/fr\/\",\"name\":\"Silver Lining Interior Design & Home D\u00e9cor - Fredericton NB\",\"description\":\"Interior Design &amp; Home D\u00e9cor\",\"publisher\":{\"@id\":\"https:\/\/www.silverlininghomedecor.com\/fr\/#organization\"},\"potentialAction\":[{\"@type\":\"SearchAction\",\"target\":{\"@type\":\"EntryPoint\",\"urlTemplate\":\"https:\/\/www.silverlininghomedecor.com\/fr\/?s={search_term_string}\"},\"query-input\":\"required name=search_term_string\"}],\"inLanguage\":\"fr-FR\"},{\"@type\":\"Organization\",\"@id\":\"https:\/\/www.silverlininghomedecor.com\/fr\/#organization\",\"name\":\"Silver Lining Interior Design & Home D\u00e9cor - Fredericton NB\",\"url\":\"https:\/\/www.silverlininghomedecor.com\/fr\/\",\"logo\":{\"@type\":\"ImageObject\",\"inLanguage\":\"fr-FR\",\"@id\":\"https:\/\/www.silverlininghomedecor.com\/fr\/#\/schema\/logo\/image\/\",\"url\":\"http:\/\/www.silverlininghomedecor.com\/wp-content\/uploads\/2023\/05\/Screen-Shot-2023-05-31-at-8.58.02-AM.png\",\"contentUrl\":\"http:\/\/www.silverlininghomedecor.com\/wp-content\/uploads\/2023\/05\/Screen-Shot-2023-05-31-at-8.58.02-AM.png\",\"width\":1138,\"height\":518,\"caption\":\"Silver Lining Interior Design & Home D\u00e9cor - Fredericton NB\"},\"image\":{\"@id\":\"https:\/\/www.silverlininghomedecor.com\/fr\/#\/schema\/logo\/image\/\"},\"sameAs\":[\"https:\/\/www.facebook.com\/silverlininghomedecor\",\"https:\/\/www.houzz.com\/professionals\/interior-designers-and-decorators\/silver-lining-home-decor-pfvwus-pf~1513545398\",\"https:\/\/www.instagram.com\/silverlininghomedecor\"]}]}<\/script>\n<!-- \/ Yoast SEO plugin. -->","yoast_head_json":{"title":"Silver Lining Interior Design &amp; Home D\u00e9cor - Fredericton NB","description":"Silver Lining Interior Design & Home D\u00e9cor offre des services de conception, de d\u00e9coration et de mise en sc\u00e8ne pour r\u00e9pondre \u00e0 vos besoins. Services offerts \u00e0 Frederiction Nouveau-Brunswick et dans les communaut\u00e9s environnantes.","robots":{"index":"index","follow":"follow","max-snippet":"max-snippet:-1","max-image-preview":"max-image-preview:large","max-video-preview":"max-video-preview:-1"},"canonical":"https:\/\/www.silverlininghomedecor.com\/fr\/","og_locale":"fr_FR","og_type":"article","og_title":"Silver Lining Interior Design &amp; Home D\u00e9cor - Fredericton NB","og_description":"Silver Lining Interior Design & Home D\u00e9cor offre des services de conception, de d\u00e9coration et de mise en sc\u00e8ne pour r\u00e9pondre \u00e0 vos besoins. Services offerts \u00e0 Frederiction Nouveau-Brunswick et dans les communaut\u00e9s environnantes.","og_url":"https:\/\/www.silverlininghomedecor.com\/fr\/","og_site_name":"Silver Lining Interior Design &amp; Home D\u00e9cor - Fredericton NB","article_publisher":"https:\/\/www.facebook.com\/silverlininghomedecor","article_modified_time":"2024-01-30T17:47:10+00:00","og_image":[{"width":1200,"height":675,"url":"https:\/\/www.silverlininghomedecor.com\/wp-content\/uploads\/2023\/05\/Screen-Shot-2023-05-31-at-9.05.44-AM.jpg","type":"image\/jpeg"}],"twitter_card":"summary_large_image","twitter_misc":{"Dur\u00e9e de lecture estim\u00e9e":"1 minute"},"schema":{"@context":"https:\/\/schema.org","@graph":[{"@type":"WebPage","@id":"https:\/\/www.silverlininghomedecor.com\/fr\/","url":"https:\/\/www.silverlininghomedecor.com\/fr\/","name":"Silver Lining Interior Design &amp; Home D\u00e9cor - Fredericton NB","isPartOf":{"@id":"https:\/\/www.silverlininghomedecor.com\/fr\/#website"},"datePublished":"2019-09-11T13:14:24+00:00","dateModified":"2024-01-30T17:47:10+00:00","description":"Silver Lining Interior Design & Home D\u00e9cor offre des services de conception, de d\u00e9coration et de mise en sc\u00e8ne pour r\u00e9pondre \u00e0 vos besoins. Services offerts \u00e0 Frederiction Nouveau-Brunswick et dans les communaut\u00e9s environnantes.","breadcrumb":{"@id":"https:\/\/www.silverlininghomedecor.com\/fr\/#breadcrumb"},"inLanguage":"fr-FR","potentialAction":[{"@type":"ReadAction","target":["https:\/\/www.silverlininghomedecor.com\/fr\/"]}]},{"@type":"BreadcrumbList","@id":"https:\/\/www.silverlininghomedecor.com\/fr\/#breadcrumb","itemListElement":[{"@type":"ListItem","position":1,"name":"Home","item":"https:\/\/www.silverlininghomedecor.com\/fr\/"},{"@type":"ListItem","position":2,"name":"Home"}]},{"@type":"WebSite","@id":"https:\/\/www.silverlininghomedecor.com\/fr\/#website","url":"https:\/\/www.silverlininghomedecor.com\/fr\/","name":"Silver Lining Interior Design & Home D\u00e9cor - Fredericton NB","description":"Interior Design &amp; Home D\u00e9cor","publisher":{"@id":"https:\/\/www.silverlininghomedecor.com\/fr\/#organization"},"potentialAction":[{"@type":"SearchAction","target":{"@type":"EntryPoint","urlTemplate":"https:\/\/www.silverlininghomedecor.com\/fr\/?s={search_term_string}"},"query-input":"required name=search_term_string"}],"inLanguage":"fr-FR"},{"@type":"Organization","@id":"https:\/\/www.silverlininghomedecor.com\/fr\/#organization","name":"Silver Lining Interior Design & Home D\u00e9cor - Fredericton NB","url":"https:\/\/www.silverlininghomedecor.com\/fr\/","logo":{"@type":"ImageObject","inLanguage":"fr-FR","@id":"https:\/\/www.silverlininghomedecor.com\/fr\/#\/schema\/logo\/image\/","url":"http:\/\/www.silverlininghomedecor.com\/wp-content\/uploads\/2023\/05\/Screen-Shot-2023-05-31-at-8.58.02-AM.png","contentUrl":"http:\/\/www.silverlininghomedecor.com\/wp-content\/uploads\/2023\/05\/Screen-Shot-2023-05-31-at-8.58.02-AM.png","width":1138,"height":518,"caption":"Silver Lining Interior Design & Home D\u00e9cor - Fredericton NB"},"image":{"@id":"https:\/\/www.silverlininghomedecor.com\/fr\/#\/schema\/logo\/image\/"},"sameAs":["https:\/\/www.facebook.com\/silverlininghomedecor","https:\/\/www.houzz.com\/professionals\/interior-designers-and-decorators\/silver-lining-home-decor-pfvwus-pf~1513545398","https:\/\/www.instagram.com\/silverlininghomedecor"]}]}},"_links":{"self":[{"href":"https:\/\/www.silverlininghomedecor.com\/fr\/wp-json\/wp\/v2\/pages\/187"}],"collection":[{"href":"https:\/\/www.silverlininghomedecor.com\/fr\/wp-json\/wp\/v2\/pages"}],"about":[{"href":"https:\/\/www.silverlininghomedecor.com\/fr\/wp-json\/wp\/v2\/types\/page"}],"author":[{"embeddable":true,"href":"https:\/\/www.silverlininghomedecor.com\/fr\/wp-json\/wp\/v2\/users\/2"}],"replies":[{"embeddable":true,"href":"https:\/\/www.silverlininghomedecor.com\/fr\/wp-json\/wp\/v2\/comments?post=187"}],"version-history":[{"count":48,"href":"https:\/\/www.silverlininghomedecor.com\/fr\/wp-json\/wp\/v2\/pages\/187\/revisions"}],"predecessor-version":[{"id":1336,"href":"https:\/\/www.silverlininghomedecor.com\/fr\/wp-json\/wp\/v2\/pages\/187\/revisions\/1336"}],"wp:attachment":[{"href":"https:\/\/www.silverlininghomedecor.com\/fr\/wp-json\/wp\/v2\/media?parent=187"}],"curies":[{"name":"wp","href":"https:\/\/api.w.org\/{rel}","templated":true}]}}