{"id":202,"date":"2019-09-11T15:47:40","date_gmt":"2019-09-11T15:47:40","guid":{"rendered":"http:\/\/www.silverlininghomedecor.com\/meet-the-designer\/"},"modified":"2024-01-30T17:48:59","modified_gmt":"2024-01-30T17:48:59","slug":"meet-the-designer","status":"publish","type":"page","link":"https:\/\/www.silverlininghomedecor.com\/fr\/meet-the-designer\/","title":{"rendered":"Rencontrer la designer"},"content":{"rendered":"\n<div class=\"wp-block-media-text alignwide is-stacked-on-mobile has-background\" style=\"background-color:#e9eaea;grid-template-columns:59% auto\"><figure class=\"wp-block-media-text__media\"><img decoding=\"async\" width=\"800\" height=\"541\" src=\"http:\/\/www.silverlininghomedecor.com\/wp-content\/uploads\/2019\/09\/MeetTheDesigner-1a.jpg\" alt=\"\" class=\"wp-image-264 size-full\" srcset=\"https:\/\/www.silverlininghomedecor.com\/wp-content\/uploads\/2019\/09\/MeetTheDesigner-1a.jpg 800w, https:\/\/www.silverlininghomedecor.com\/wp-content\/uploads\/2019\/09\/MeetTheDesigner-1a-300x203.jpg 300w, https:\/\/www.silverlininghomedecor.com\/wp-content\/uploads\/2019\/09\/MeetTheDesigner-1a-768x519.jpg 768w\" sizes=\"(max-width: 800px) 100vw, 800px\" \/><\/figure><div class=\"wp-block-media-text__content\">\n<p style=\"font-size:17px\"><em>Judy Moss, propri\u00e9taire et consultant de design &#8211; <\/em><strong><em>Silver Lining Home D\u00e9cor.<\/em><\/strong><\/p>\n<\/div><\/div>\n\n\n\n<p>Avec le soutien de ma famille et de mes amis, j\u2019ai cr\u00e9\u00e9 ma propre entreprise de design d\u2019int\u00e9rieur.&nbsp; Dipl\u00f4m\u00e9e de l\u2019Institut \u2018The Interior Design Institute of Canada\u2019 j\u2019ai \u00e9tudi\u00e9 \u00e0 la fois la th\u00e9orie et la pratique en design d\u2019int\u00e9rieur professionnel.&nbsp; Au fil des ann\u00e9es, j\u2019ai acquis de l\u2019exp\u00e9rience dans tous les aspects de design.&nbsp; L\u2019expression \u00ab <em>A Silver Lining<\/em> \u00bb est utilis\u00e9e comme m\u00e9taphore pour une perspective r\u00e9confortante ou pleine d\u2019espoir.&nbsp; Chaque nuage a un \u00ab Silver Lining \u00bb; Laissez-moi \u00eatre le v\u00f4tre!<\/p>\n\n\n\n<p>Tous mes services sont offerts \u00e0 Fredericton, N.-B., et dans les communaut\u00e9s environnantes. Je pr\u00e9f\u00e8re acheter les mat\u00e9riaux dans notre r\u00e9gion afin de maintenir une \u00e9conomie locale forte; c\u2019est un facteur qui est tr\u00e8s important pour moi.&nbsp; Je suis bilingue alors tous mes services et mon site Web sont offerts dans les deux langues officielles.&nbsp;<\/p>\n\n\n\n<p class=\"has-text-align-center has-very-light-gray-background-color has-background has-medium-font-size\"><em>Chaque personne a sa propre personnalit\u00e9 et, avec ce, un style unique.&nbsp; J\u2019aimerais faire votre connaissance; soyons cr\u00e9atifs et amusons-nous!<\/em><\/p>\n","protected":false},"excerpt":{"rendered":"<p>Judy Moss, propri\u00e9taire et consultant de design &#8211; Silver Lining Home D\u00e9cor. Avec le soutien de ma famille et de mes amis, j\u2019ai cr\u00e9\u00e9 ma propre entreprise de design d\u2019int\u00e9rieur.&nbsp; Dipl\u00f4m\u00e9e de l\u2019Institut \u2018The Interior Design Institute of Canada\u2019 j\u2019ai \u00e9tudi\u00e9 \u00e0 la fois la th\u00e9orie et la pratique en design d\u2019int\u00e9rieur professionnel.&nbsp; Au fil [&hellip;]<\/p>\n","protected":false},"author":2,"featured_media":0,"parent":0,"menu_order":0,"comment_status":"closed","ping_status":"closed","template":"","meta":[],"acf":[],"yoast_head":"<!-- This site is optimized with the Yoast SEO plugin v20.8 - https:\/\/yoast.com\/wordpress\/plugins\/seo\/ -->\n<title>Rencontrer la designer &ndash; Silver Lining Interior Design &amp; Home D\u00e9cor - Fredericton NB<\/title>\n<meta name=\"description\" content=\"Silver Lining Interior Design &amp; Home D\u00e9cor offre des services de conception, de d\u00e9coration et de mise en sc\u00e8ne pour r\u00e9pondre \u00e0 vos besoins. Services offerts \u00e0 Frederiction Nouveau-Brunswick et dans les communaut\u00e9s environnantes.\" \/>\n<meta name=\"robots\" content=\"index, follow, max-snippet:-1, max-image-preview:large, max-video-preview:-1\" \/>\n<link rel=\"canonical\" href=\"https:\/\/www.silverlininghomedecor.com\/fr\/meet-the-designer\/\" \/>\n<meta property=\"og:locale\" content=\"fr_FR\" \/>\n<meta property=\"og:type\" content=\"article\" \/>\n<meta property=\"og:title\" content=\"Rencontrer la designer &ndash; Silver Lining Interior Design &amp; Home D\u00e9cor - Fredericton NB\" \/>\n<meta property=\"og:description\" content=\"Silver Lining Interior Design &amp; Home D\u00e9cor offre des services de conception, de d\u00e9coration et de mise en sc\u00e8ne pour r\u00e9pondre \u00e0 vos besoins. Services offerts \u00e0 Frederiction Nouveau-Brunswick et dans les communaut\u00e9s environnantes.\" \/>\n<meta property=\"og:url\" content=\"https:\/\/www.silverlininghomedecor.com\/fr\/meet-the-designer\/\" \/>\n<meta property=\"og:site_name\" content=\"Silver Lining Interior Design &amp; Home D\u00e9cor - Fredericton NB\" \/>\n<meta property=\"article:publisher\" content=\"https:\/\/www.facebook.com\/silverlininghomedecor\" \/>\n<meta property=\"article:modified_time\" content=\"2024-01-30T17:48:59+00:00\" \/>\n<meta property=\"og:image\" content=\"http:\/\/www.silverlininghomedecor.com\/wp-content\/uploads\/2019\/09\/MeetTheDesigner-1a.jpg\" \/>\n<meta name=\"twitter:card\" content=\"summary_large_image\" \/>\n<meta name=\"twitter:label1\" content=\"Dur\u00e9e de lecture estim\u00e9e\" \/>\n\t<meta name=\"twitter:data1\" content=\"1 minute\" \/>\n<script type=\"application\/ld+json\" class=\"yoast-schema-graph\">{\"@context\":\"https:\/\/schema.org\",\"@graph\":[{\"@type\":\"WebPage\",\"@id\":\"https:\/\/www.silverlininghomedecor.com\/fr\/meet-the-designer\/\",\"url\":\"https:\/\/www.silverlininghomedecor.com\/fr\/meet-the-designer\/\",\"name\":\"Rencontrer la designer &ndash; Silver Lining Interior Design &amp; Home D\u00e9cor - Fredericton NB\",\"isPartOf\":{\"@id\":\"https:\/\/www.silverlininghomedecor.com\/fr\/#website\"},\"datePublished\":\"2019-09-11T15:47:40+00:00\",\"dateModified\":\"2024-01-30T17:48:59+00:00\",\"description\":\"Silver Lining Interior Design & Home D\u00e9cor offre des services de conception, de d\u00e9coration et de mise en sc\u00e8ne pour r\u00e9pondre \u00e0 vos besoins. Services offerts \u00e0 Frederiction Nouveau-Brunswick et dans les communaut\u00e9s environnantes.\",\"breadcrumb\":{\"@id\":\"https:\/\/www.silverlininghomedecor.com\/fr\/meet-the-designer\/#breadcrumb\"},\"inLanguage\":\"fr-FR\",\"potentialAction\":[{\"@type\":\"ReadAction\",\"target\":[\"https:\/\/www.silverlininghomedecor.com\/fr\/meet-the-designer\/\"]}]},{\"@type\":\"BreadcrumbList\",\"@id\":\"https:\/\/www.silverlininghomedecor.com\/fr\/meet-the-designer\/#breadcrumb\",\"itemListElement\":[{\"@type\":\"ListItem\",\"position\":1,\"name\":\"Home\",\"item\":\"https:\/\/www.silverlininghomedecor.com\/fr\/\"},{\"@type\":\"ListItem\",\"position\":2,\"name\":\"Rencontrer la designer\"}]},{\"@type\":\"WebSite\",\"@id\":\"https:\/\/www.silverlininghomedecor.com\/fr\/#website\",\"url\":\"https:\/\/www.silverlininghomedecor.com\/fr\/\",\"name\":\"Silver Lining Interior Design & Home D\u00e9cor - Fredericton NB\",\"description\":\"Interior Design &amp; Home D\u00e9cor\",\"publisher\":{\"@id\":\"https:\/\/www.silverlininghomedecor.com\/fr\/#organization\"},\"potentialAction\":[{\"@type\":\"SearchAction\",\"target\":{\"@type\":\"EntryPoint\",\"urlTemplate\":\"https:\/\/www.silverlininghomedecor.com\/fr\/?s={search_term_string}\"},\"query-input\":\"required name=search_term_string\"}],\"inLanguage\":\"fr-FR\"},{\"@type\":\"Organization\",\"@id\":\"https:\/\/www.silverlininghomedecor.com\/fr\/#organization\",\"name\":\"Silver Lining Interior Design & Home D\u00e9cor - Fredericton NB\",\"url\":\"https:\/\/www.silverlininghomedecor.com\/fr\/\",\"logo\":{\"@type\":\"ImageObject\",\"inLanguage\":\"fr-FR\",\"@id\":\"https:\/\/www.silverlininghomedecor.com\/fr\/#\/schema\/logo\/image\/\",\"url\":\"http:\/\/www.silverlininghomedecor.com\/wp-content\/uploads\/2023\/05\/Screen-Shot-2023-05-31-at-8.58.02-AM.png\",\"contentUrl\":\"http:\/\/www.silverlininghomedecor.com\/wp-content\/uploads\/2023\/05\/Screen-Shot-2023-05-31-at-8.58.02-AM.png\",\"width\":1138,\"height\":518,\"caption\":\"Silver Lining Interior Design & Home D\u00e9cor - Fredericton NB\"},\"image\":{\"@id\":\"https:\/\/www.silverlininghomedecor.com\/fr\/#\/schema\/logo\/image\/\"},\"sameAs\":[\"https:\/\/www.facebook.com\/silverlininghomedecor\",\"https:\/\/www.houzz.com\/professionals\/interior-designers-and-decorators\/silver-lining-home-decor-pfvwus-pf~1513545398\",\"https:\/\/www.instagram.com\/silverlininghomedecor\"]}]}<\/script>\n<!-- \/ Yoast SEO plugin. -->","yoast_head_json":{"title":"Rencontrer la designer &ndash; Silver Lining Interior Design &amp; Home D\u00e9cor - Fredericton NB","description":"Silver Lining Interior Design & Home D\u00e9cor offre des services de conception, de d\u00e9coration et de mise en sc\u00e8ne pour r\u00e9pondre \u00e0 vos besoins. Services offerts \u00e0 Frederiction Nouveau-Brunswick et dans les communaut\u00e9s environnantes.","robots":{"index":"index","follow":"follow","max-snippet":"max-snippet:-1","max-image-preview":"max-image-preview:large","max-video-preview":"max-video-preview:-1"},"canonical":"https:\/\/www.silverlininghomedecor.com\/fr\/meet-the-designer\/","og_locale":"fr_FR","og_type":"article","og_title":"Rencontrer la designer &ndash; Silver Lining Interior Design &amp; Home D\u00e9cor - Fredericton NB","og_description":"Silver Lining Interior Design & Home D\u00e9cor offre des services de conception, de d\u00e9coration et de mise en sc\u00e8ne pour r\u00e9pondre \u00e0 vos besoins. Services offerts \u00e0 Frederiction Nouveau-Brunswick et dans les communaut\u00e9s environnantes.","og_url":"https:\/\/www.silverlininghomedecor.com\/fr\/meet-the-designer\/","og_site_name":"Silver Lining Interior Design &amp; Home D\u00e9cor - Fredericton NB","article_publisher":"https:\/\/www.facebook.com\/silverlininghomedecor","article_modified_time":"2024-01-30T17:48:59+00:00","og_image":[{"url":"http:\/\/www.silverlininghomedecor.com\/wp-content\/uploads\/2019\/09\/MeetTheDesigner-1a.jpg"}],"twitter_card":"summary_large_image","twitter_misc":{"Dur\u00e9e de lecture estim\u00e9e":"1 minute"},"schema":{"@context":"https:\/\/schema.org","@graph":[{"@type":"WebPage","@id":"https:\/\/www.silverlininghomedecor.com\/fr\/meet-the-designer\/","url":"https:\/\/www.silverlininghomedecor.com\/fr\/meet-the-designer\/","name":"Rencontrer la designer &ndash; Silver Lining Interior Design &amp; Home D\u00e9cor - Fredericton NB","isPartOf":{"@id":"https:\/\/www.silverlininghomedecor.com\/fr\/#website"},"datePublished":"2019-09-11T15:47:40+00:00","dateModified":"2024-01-30T17:48:59+00:00","description":"Silver Lining Interior Design & Home D\u00e9cor offre des services de conception, de d\u00e9coration et de mise en sc\u00e8ne pour r\u00e9pondre \u00e0 vos besoins. Services offerts \u00e0 Frederiction Nouveau-Brunswick et dans les communaut\u00e9s environnantes.","breadcrumb":{"@id":"https:\/\/www.silverlininghomedecor.com\/fr\/meet-the-designer\/#breadcrumb"},"inLanguage":"fr-FR","potentialAction":[{"@type":"ReadAction","target":["https:\/\/www.silverlininghomedecor.com\/fr\/meet-the-designer\/"]}]},{"@type":"BreadcrumbList","@id":"https:\/\/www.silverlininghomedecor.com\/fr\/meet-the-designer\/#breadcrumb","itemListElement":[{"@type":"ListItem","position":1,"name":"Home","item":"https:\/\/www.silverlininghomedecor.com\/fr\/"},{"@type":"ListItem","position":2,"name":"Rencontrer la designer"}]},{"@type":"WebSite","@id":"https:\/\/www.silverlininghomedecor.com\/fr\/#website","url":"https:\/\/www.silverlininghomedecor.com\/fr\/","name":"Silver Lining Interior Design & Home D\u00e9cor - Fredericton NB","description":"Interior Design &amp; Home D\u00e9cor","publisher":{"@id":"https:\/\/www.silverlininghomedecor.com\/fr\/#organization"},"potentialAction":[{"@type":"SearchAction","target":{"@type":"EntryPoint","urlTemplate":"https:\/\/www.silverlininghomedecor.com\/fr\/?s={search_term_string}"},"query-input":"required name=search_term_string"}],"inLanguage":"fr-FR"},{"@type":"Organization","@id":"https:\/\/www.silverlininghomedecor.com\/fr\/#organization","name":"Silver Lining Interior Design & Home D\u00e9cor - Fredericton NB","url":"https:\/\/www.silverlininghomedecor.com\/fr\/","logo":{"@type":"ImageObject","inLanguage":"fr-FR","@id":"https:\/\/www.silverlininghomedecor.com\/fr\/#\/schema\/logo\/image\/","url":"http:\/\/www.silverlininghomedecor.com\/wp-content\/uploads\/2023\/05\/Screen-Shot-2023-05-31-at-8.58.02-AM.png","contentUrl":"http:\/\/www.silverlininghomedecor.com\/wp-content\/uploads\/2023\/05\/Screen-Shot-2023-05-31-at-8.58.02-AM.png","width":1138,"height":518,"caption":"Silver Lining Interior Design & Home D\u00e9cor - Fredericton NB"},"image":{"@id":"https:\/\/www.silverlininghomedecor.com\/fr\/#\/schema\/logo\/image\/"},"sameAs":["https:\/\/www.facebook.com\/silverlininghomedecor","https:\/\/www.houzz.com\/professionals\/interior-designers-and-decorators\/silver-lining-home-decor-pfvwus-pf~1513545398","https:\/\/www.instagram.com\/silverlininghomedecor"]}]}},"_links":{"self":[{"href":"https:\/\/www.silverlininghomedecor.com\/fr\/wp-json\/wp\/v2\/pages\/202"}],"collection":[{"href":"https:\/\/www.silverlininghomedecor.com\/fr\/wp-json\/wp\/v2\/pages"}],"about":[{"href":"https:\/\/www.silverlininghomedecor.com\/fr\/wp-json\/wp\/v2\/types\/page"}],"author":[{"embeddable":true,"href":"https:\/\/www.silverlininghomedecor.com\/fr\/wp-json\/wp\/v2\/users\/2"}],"replies":[{"embeddable":true,"href":"https:\/\/www.silverlininghomedecor.com\/fr\/wp-json\/wp\/v2\/comments?post=202"}],"version-history":[{"count":12,"href":"https:\/\/www.silverlininghomedecor.com\/fr\/wp-json\/wp\/v2\/pages\/202\/revisions"}],"predecessor-version":[{"id":1338,"href":"https:\/\/www.silverlininghomedecor.com\/fr\/wp-json\/wp\/v2\/pages\/202\/revisions\/1338"}],"wp:attachment":[{"href":"https:\/\/www.silverlininghomedecor.com\/fr\/wp-json\/wp\/v2\/media?parent=202"}],"curies":[{"name":"wp","href":"https:\/\/api.w.org\/{rel}","templated":true}]}}