{"id":205,"date":"2019-09-11T15:47:49","date_gmt":"2019-09-11T15:47:49","guid":{"rendered":"http:\/\/www.silverlininghomedecor.com\/testimonials\/"},"modified":"2021-02-10T13:26:12","modified_gmt":"2021-02-10T13:26:12","slug":"testimonials","status":"publish","type":"page","link":"https:\/\/www.silverlininghomedecor.com\/fr\/testimonials\/","title":{"rendered":"T\u00e9moignages"},"content":{"rendered":"\n<blockquote style=\"text-align:center\" class=\"wp-block-quote is-style-large\"><p>Je savais que ma maison, \u00ab nouvelle pour moi \u00bb, avait besoin de quelque chose; mais je ne savais pas par o\u00f9 commencer. Ce n&rsquo;\u00e9tait tout simplement pas confortable! Judy de \u00ab\u00a0Silver Lining Home Decor\u00a0\u00bb \u00e9tait super de travailler avec. Nous avons pass\u00e9 quelques heures \u00e0 trouver des rideaux, un tapis et des articles d\u00e9coratifs. Elle avait de bonnes suggestions, \u00e9tait patiente et m&rsquo;a appris ce qu&rsquo;il fallait rechercher lors de la d\u00e9coration. Ce que j\u2019ai le plus aim\u00e9, c\u2019est que je n\u2019ai pas ressenti de pression pour acheter plus que ce \u00e0 quoi je m&rsquo;\u00e9tais pr\u00e9par\u00e9. Je suis maintenant en amour avec mon salon et ma salle \u00e0 manger! On se sent enfin comme \u00e0 la maison!<\/p><cite>Tammy<\/cite><\/blockquote>\n\n\n\n<blockquote style=\"text-align:center\" class=\"wp-block-quote is-style-large\"><p>\u00ab&nbsp;Silver Lining Home D\u00e9cor&nbsp;\u00bb a \u00e9t\u00e9 exceptionnel en fournissant ses services. Nous \u00e9tions tr\u00e8s nerveux d&rsquo;acheter une maison d\u2019un constructeur et ne savions jamais comment la personnaliser lors de nos rendez-vous de conception. Alors que le constructeur vous vend une tonne de choses, nous \u00e9tions sceptiques sur le fait que cela conduira \u00e0 la maison de nos r\u00eaves avec le budget limit\u00e9 que nous devions consacrer \u00e0 des mises \u00e0 niveau de conception.<br>&nbsp;<br>Juste au bon moment, nous avons appris \u00e0 conna\u00eetre J Moss et son expertise en mati\u00e8re de conseil en conception \u00e0&nbsp;ses consommateurs. Nous avons tendu la main et avons exprim\u00e9 nos pens\u00e9es virtuellement (merci \u00e0 Covid). Judy nous a entendus, nos attentes, notre imagination et bien s\u00fbr les contraintes budg\u00e9taires. Avec sa grande vision et son imagination r\u00e9fl\u00e9chie, elle a propos\u00e9 des choses que nous devrions acheter avec le constructeur et des choses qui peuvent attendre apr\u00e8s la fermeture. Nous avons ador\u00e9 l&rsquo;id\u00e9e et sommes all\u00e9es de l&rsquo;avant avec les id\u00e9es pr\u00e9sent\u00e9es. Judy a dessin\u00e9 ces id\u00e9es, cette imagination dans des dessins, ce qui a non seulement rendu les choses faciles, mais aussi renforc\u00e9 notre confiance dans la nouvelle maison dont nous \u00e9tions tous les deux excit\u00e9s et r\u00eav\u00e9s.<br>&nbsp;<br>Cela a \u00e9t\u00e9 ph\u00e9nom\u00e9nal de travailler avec \u00ab&nbsp;Silver Lining Home D\u00e9cor&nbsp;\u00bb et serait \u00e9videmment associ\u00e9 pour toujours car la refonte de la maison est essentielle pour r\u00e9pondre aux changements de styles dans la soci\u00e9t\u00e9.<\/p><cite>Misha<\/cite><\/blockquote>\n\n\n\n<blockquote style=\"text-align:center\" class=\"wp-block-quote is-style-large\"><p>Quand j&rsquo;ai d\u00e9cid\u00e9 de vendre ma maison, j&rsquo;ai demand\u00e9 \u00e0 Judy Moss de m&rsquo;aider avec la mise en sc\u00e8ne. C&rsquo;\u00e9tait plaisant de b\u00e9n\u00e9ficier de son soutien et de ses connaissances sur la meilleure fa\u00e7on de pr\u00e9senter ma maison aux acheteurs potentiels. Gr\u00e2ce \u00e0 Judy, je me suis sentie beaucoup plus confiante lorsque j&rsquo;ai contact\u00e9 un agent immobilier. Ma maison s&rsquo;est vendue imm\u00e9diatement ! Dans qu\u2019une visite ! Je continue \u00e0 demander ses services pour des choix de conception dans ma nouvelle maison. Judy est absolument g\u00e9niale de travailler avec. Elle prendra le temps d&rsquo;\u00e9couter vos id\u00e9es et \u00e0 vous conna\u00eetre afin de mieux vous servir. Je la recommande fortement pour toutes id\u00e9es de mise en sc\u00e8ne ou de conception. Merci Judy.  <\/p><cite><em>Sylvie Doucet<\/em><\/cite><\/blockquote>\n\n\n\n<blockquote style=\"text-align:center\" class=\"wp-block-quote is-style-large\"><p>Lorsque mon mari et moi avons d\u00e9cid\u00e9 de vendre notre maison, nous avons communiqu\u00e9 avec Judy Moss pour les services de staging. Judy nous n\u2019a pas seulement avis\u00e9 de modifications sugg\u00e9r\u00e9es, elle nous a aussi aid\u00e9s \u00e0 faire la mise en sc\u00e8ne. Elle \u00e9tait bien inform\u00e9e et encourageante. La maison s&rsquo;est tr\u00e8s bien pr\u00e9sent\u00e9e et a \u00e9t\u00e9 vendue dans quelques mois. Elle est tout simplement la meilleure partenaire.  <\/p><cite><em>Jill et Chris<\/em><\/cite><\/blockquote>\n\n\n\n<blockquote style=\"text-align:center\" class=\"wp-block-quote is-style-large\"><p>Judy a fait un travail de mise en sc\u00e8ne incroyable pour les propri\u00e9taires de l\u2019une de mes r\u00e9centes maisons \u00e0 vendre de style Cape Cod. La mise en sc\u00e8ne a permis de d\u00e9montrer l\u2019ambiance chaleureuse et confortable de la maison. Ses aptitudes en d\u00e9cor ont fait ressortir le meilleur de la maison. La maison a \u00e9t\u00e9 extr\u00eamement bien accueillie, avec des commentaires tr\u00e8s positifs des agents immobiliers et des clients apr\u00e8s chaque visite. Je recommanderais certainement ses services afin d\u2019obtenir le meilleur avantage possible lors de la pr\u00e9sentation \u00e0 des acheteurs potentiels.   <\/p><cite><em>Alan Stilwell, agent immobilier\u00ae  <\/em><\/cite><\/blockquote>\n\n\n\n<blockquote style=\"text-align:center\" class=\"wp-block-quote is-style-large\"><p>J&rsquo;ai r\u00e9cemment photographi\u00e9 certaines propri\u00e9t\u00e9s dans lesquels Judy a \u00e9t\u00e9 impliqu\u00e9e dans la construction et de la mise en sc\u00e8ne. Elle fait un travail magnifique ! Elle a un sens aigu du d\u00e9corum avec des d\u00e9tails et une vision aiguis\u00e9e du r\u00e9sultat. Fortement recommand\u00e9e!  <\/p><cite><em>Shelley<\/em><\/cite><\/blockquote>\n\n\n\n<blockquote style=\"text-align:center\" class=\"wp-block-quote is-style-large\"><p>Judy est chaleureuse, avenante et une personne tr\u00e8s bien renseign\u00e9e. Son attention minutieuse aux d\u00e9tails est formidable; du choix des couleurs pour ses murs, aux draperies pour le salon, et aux articles d\u00e9coratifs dans les pi\u00e8ces. J&rsquo;ai \u00e9t\u00e9 tr\u00e8s impressionn\u00e9 de la rapidit\u00e9 \u00e0 laquelle les \u00e9l\u00e9ments se sont assembl\u00e9s. Pour tous vos besoins de design, communiquez avec Judy. Vous serez si heureux de l\u2019avoir fait!  <\/p><cite><em>Kelly<\/em><\/cite><\/blockquote>\n\n\n\n<blockquote style=\"text-align:center\" class=\"wp-block-quote is-style-large\"><p>J&rsquo;ai r\u00e9cemment r\u00e9nov\u00e9 ma cuisine et ma salle de bain principale. Judy \u00e9tait pr\u00e9sente \u00e0 chaque \u00e9tape. Nous avons discut\u00e9 des couleurs de peinture, des carreaux de c\u00e9ramique, d\u2019appareils d&rsquo;\u00e9clairage et d\u2019options d&rsquo;\u00e9vier. Ensemble, nous avons achet\u00e9 des \u0153uvres d&rsquo;art qui compl\u00e9teraient les pi\u00e8ces. Son soutien tout au long des projets a \u00e9t\u00e9 tr\u00e8s utile. Il fut g\u00e9nial de travailler avec elle.  <\/p><cite><em>Shannon<\/em><\/cite><\/blockquote>\n\n\n\n<blockquote style=\"text-align:center\" class=\"wp-block-quote is-style-large\"><p>Judy de Silver Lining Home D\u00e9cor m&rsquo;a aid\u00e9 \u00e0 r\u00e9organiser ma cuisine. Nous avons discut\u00e9 de ce qui pourrait \u00eatre r\u00e9utilis\u00e9. Nous avons aussi parl\u00e9 du style et de la couleur des armoires, des id\u00e9es de placement des appareils ainsi que des options de rev\u00eatement de plancher. Je suis tr\u00e8s content du r\u00e9sultat, car nous adorons notre nouvelle cuisine. Si vous chercher quelqu\u2019un qui est facile \u00e0 travailler avec et qui vous fera sentir valoris\u00e9, contactez-la d\u00e8s aujourd&rsquo;hui.  <\/p><cite><em>Will<\/em><\/cite><\/blockquote>\n\n\n\n<blockquote style=\"text-align:center\" class=\"wp-block-quote is-style-large\"><p>Silver Lining Home Decor est le service de staging que vous voulez obtenir. Judy a travaill\u00e9 efficacement et en peu de temps, notre maison de 50 ans avait l&rsquo;air \u00e9l\u00e9gante et accueillante. Notre famille et nos amis ont remarqu\u00e9 comment la maison avait \u00e9t\u00e9 transform\u00e9e. C&rsquo;\u00e9tait sans aucun doute la meilleure d\u00e9cision que nous ayons prise lors de la pr\u00e9paration de la vente de notre maison. <\/p><cite><em>Marcia et Tom<\/em><\/cite><\/blockquote>\n\n\n\n<blockquote style=\"text-align:center\" class=\"wp-block-quote is-style-large\"><p>Silver Lining Home D\u00e9cor est incroyable! Quand j&rsquo;ai achet\u00e9 ma maison, ma salle de bain \u00e9tait un \u00abbeige bla\u00bb et je ne savais pas comment la faire mienne; Judy a corrig\u00e9 cela. <br> En proposant de nouvelles id\u00e9es pour un meilleur rangement et de la couleur, toujours en tenant compte de mon budget serr\u00e9 d&rsquo;\u00eatre un nouveau propri\u00e9taire, il \u00e9tait facile de faire confiance \u00e0 Judy m\u00eame si je devais \u00eatre rassur\u00e9 sur une couleur \u00e0 laquelle je n&rsquo;aurais jamais pens\u00e9e; mon Dieu que j&rsquo;aime ma salle de bain maintenant! C&rsquo;est plus brillant, n\u2019est certainement plus bla! <\/p><cite><em>Kirk<\/em><\/cite><\/blockquote>\n\n\n\n<p style=\"text-align:center\"><em>*Les t\u00e9moignages ont \u00e9t\u00e9 traduits.<\/em><\/p>\n","protected":false},"excerpt":{"rendered":"<p>Je savais que ma maison, \u00ab nouvelle pour moi \u00bb, avait besoin de quelque chose; mais je ne savais pas par o\u00f9 commencer. Ce n&rsquo;\u00e9tait tout simplement pas confortable! Judy de \u00ab\u00a0Silver Lining Home Decor\u00a0\u00bb \u00e9tait super de travailler avec. Nous avons pass\u00e9 quelques heures \u00e0 trouver des rideaux, un tapis et des articles d\u00e9coratifs. [&hellip;]<\/p>\n","protected":false},"author":2,"featured_media":0,"parent":0,"menu_order":0,"comment_status":"closed","ping_status":"closed","template":"","meta":[],"acf":[],"yoast_head":"<!-- This site is optimized with the Yoast SEO plugin v20.8 - https:\/\/yoast.com\/wordpress\/plugins\/seo\/ -->\n<title>T\u00e9moignages &ndash; Silver Lining Interior Design &amp; Home D\u00e9cor - Fredericton NB<\/title>\n<meta name=\"description\" content=\"Silver Lining Interior Design &amp; Home D\u00e9cor offre des services de conception, de d\u00e9coration et de mise en sc\u00e8ne pour r\u00e9pondre \u00e0 vos besoins. Services offerts \u00e0 Frederiction Nouveau-Brunswick et dans les communaut\u00e9s environnantes.\" \/>\n<meta name=\"robots\" content=\"index, follow, max-snippet:-1, max-image-preview:large, max-video-preview:-1\" \/>\n<link rel=\"canonical\" href=\"https:\/\/www.silverlininghomedecor.com\/fr\/testimonials\/\" \/>\n<meta property=\"og:locale\" content=\"fr_FR\" \/>\n<meta property=\"og:type\" content=\"article\" \/>\n<meta property=\"og:title\" content=\"T\u00e9moignages &ndash; Silver Lining Interior Design &amp; Home D\u00e9cor - Fredericton NB\" \/>\n<meta property=\"og:description\" content=\"Silver Lining Interior Design &amp; Home D\u00e9cor offre des services de conception, de d\u00e9coration et de mise en sc\u00e8ne pour r\u00e9pondre \u00e0 vos besoins. Services offerts \u00e0 Frederiction Nouveau-Brunswick et dans les communaut\u00e9s environnantes.\" \/>\n<meta property=\"og:url\" content=\"https:\/\/www.silverlininghomedecor.com\/fr\/testimonials\/\" \/>\n<meta property=\"og:site_name\" content=\"Silver Lining Interior Design &amp; Home D\u00e9cor - Fredericton NB\" \/>\n<meta property=\"article:publisher\" content=\"https:\/\/www.facebook.com\/silverlininghomedecor\" \/>\n<meta property=\"article:modified_time\" content=\"2021-02-10T13:26:12+00:00\" \/>\n<meta property=\"og:image\" content=\"https:\/\/www.silverlininghomedecor.com\/wp-content\/uploads\/2023\/05\/Screen-Shot-2023-05-31-at-9.05.44-AM.jpg\" \/>\n\t<meta property=\"og:image:width\" content=\"1200\" \/>\n\t<meta property=\"og:image:height\" content=\"675\" \/>\n\t<meta property=\"og:image:type\" content=\"image\/jpeg\" \/>\n<meta name=\"twitter:card\" content=\"summary_large_image\" \/>\n<meta name=\"twitter:label1\" content=\"Dur\u00e9e de lecture estim\u00e9e\" \/>\n\t<meta name=\"twitter:data1\" content=\"6 minutes\" \/>\n<script type=\"application\/ld+json\" class=\"yoast-schema-graph\">{\"@context\":\"https:\/\/schema.org\",\"@graph\":[{\"@type\":\"WebPage\",\"@id\":\"https:\/\/www.silverlininghomedecor.com\/fr\/testimonials\/\",\"url\":\"https:\/\/www.silverlininghomedecor.com\/fr\/testimonials\/\",\"name\":\"T\u00e9moignages &ndash; Silver Lining Interior Design &amp; Home D\u00e9cor - Fredericton NB\",\"isPartOf\":{\"@id\":\"https:\/\/www.silverlininghomedecor.com\/fr\/#website\"},\"datePublished\":\"2019-09-11T15:47:49+00:00\",\"dateModified\":\"2021-02-10T13:26:12+00:00\",\"description\":\"Silver Lining Interior Design & Home D\u00e9cor offre des services de conception, de d\u00e9coration et de mise en sc\u00e8ne pour r\u00e9pondre \u00e0 vos besoins. Services offerts \u00e0 Frederiction Nouveau-Brunswick et dans les communaut\u00e9s environnantes.\",\"breadcrumb\":{\"@id\":\"https:\/\/www.silverlininghomedecor.com\/fr\/testimonials\/#breadcrumb\"},\"inLanguage\":\"fr-FR\",\"potentialAction\":[{\"@type\":\"ReadAction\",\"target\":[\"https:\/\/www.silverlininghomedecor.com\/fr\/testimonials\/\"]}]},{\"@type\":\"BreadcrumbList\",\"@id\":\"https:\/\/www.silverlininghomedecor.com\/fr\/testimonials\/#breadcrumb\",\"itemListElement\":[{\"@type\":\"ListItem\",\"position\":1,\"name\":\"Home\",\"item\":\"https:\/\/www.silverlininghomedecor.com\/fr\/\"},{\"@type\":\"ListItem\",\"position\":2,\"name\":\"T\u00e9moignages\"}]},{\"@type\":\"WebSite\",\"@id\":\"https:\/\/www.silverlininghomedecor.com\/fr\/#website\",\"url\":\"https:\/\/www.silverlininghomedecor.com\/fr\/\",\"name\":\"Silver Lining Interior Design & Home D\u00e9cor - Fredericton NB\",\"description\":\"Interior Design &amp; Home D\u00e9cor\",\"publisher\":{\"@id\":\"https:\/\/www.silverlininghomedecor.com\/fr\/#organization\"},\"potentialAction\":[{\"@type\":\"SearchAction\",\"target\":{\"@type\":\"EntryPoint\",\"urlTemplate\":\"https:\/\/www.silverlininghomedecor.com\/fr\/?s={search_term_string}\"},\"query-input\":\"required name=search_term_string\"}],\"inLanguage\":\"fr-FR\"},{\"@type\":\"Organization\",\"@id\":\"https:\/\/www.silverlininghomedecor.com\/fr\/#organization\",\"name\":\"Silver Lining Interior Design & Home D\u00e9cor - Fredericton NB\",\"url\":\"https:\/\/www.silverlininghomedecor.com\/fr\/\",\"logo\":{\"@type\":\"ImageObject\",\"inLanguage\":\"fr-FR\",\"@id\":\"https:\/\/www.silverlininghomedecor.com\/fr\/#\/schema\/logo\/image\/\",\"url\":\"http:\/\/www.silverlininghomedecor.com\/wp-content\/uploads\/2023\/05\/Screen-Shot-2023-05-31-at-8.58.02-AM.png\",\"contentUrl\":\"http:\/\/www.silverlininghomedecor.com\/wp-content\/uploads\/2023\/05\/Screen-Shot-2023-05-31-at-8.58.02-AM.png\",\"width\":1138,\"height\":518,\"caption\":\"Silver Lining Interior Design & Home D\u00e9cor - Fredericton NB\"},\"image\":{\"@id\":\"https:\/\/www.silverlininghomedecor.com\/fr\/#\/schema\/logo\/image\/\"},\"sameAs\":[\"https:\/\/www.facebook.com\/silverlininghomedecor\",\"https:\/\/www.houzz.com\/professionals\/interior-designers-and-decorators\/silver-lining-home-decor-pfvwus-pf~1513545398\",\"https:\/\/www.instagram.com\/silverlininghomedecor\"]}]}<\/script>\n<!-- \/ Yoast SEO plugin. -->","yoast_head_json":{"title":"T\u00e9moignages &ndash; Silver Lining Interior Design &amp; Home D\u00e9cor - Fredericton NB","description":"Silver Lining Interior Design & Home D\u00e9cor offre des services de conception, de d\u00e9coration et de mise en sc\u00e8ne pour r\u00e9pondre \u00e0 vos besoins. Services offerts \u00e0 Frederiction Nouveau-Brunswick et dans les communaut\u00e9s environnantes.","robots":{"index":"index","follow":"follow","max-snippet":"max-snippet:-1","max-image-preview":"max-image-preview:large","max-video-preview":"max-video-preview:-1"},"canonical":"https:\/\/www.silverlininghomedecor.com\/fr\/testimonials\/","og_locale":"fr_FR","og_type":"article","og_title":"T\u00e9moignages &ndash; Silver Lining Interior Design &amp; Home D\u00e9cor - Fredericton NB","og_description":"Silver Lining Interior Design & Home D\u00e9cor offre des services de conception, de d\u00e9coration et de mise en sc\u00e8ne pour r\u00e9pondre \u00e0 vos besoins. Services offerts \u00e0 Frederiction Nouveau-Brunswick et dans les communaut\u00e9s environnantes.","og_url":"https:\/\/www.silverlininghomedecor.com\/fr\/testimonials\/","og_site_name":"Silver Lining Interior Design &amp; Home D\u00e9cor - Fredericton NB","article_publisher":"https:\/\/www.facebook.com\/silverlininghomedecor","article_modified_time":"2021-02-10T13:26:12+00:00","og_image":[{"width":1200,"height":675,"url":"https:\/\/www.silverlininghomedecor.com\/wp-content\/uploads\/2023\/05\/Screen-Shot-2023-05-31-at-9.05.44-AM.jpg","type":"image\/jpeg"}],"twitter_card":"summary_large_image","twitter_misc":{"Dur\u00e9e de lecture estim\u00e9e":"6 minutes"},"schema":{"@context":"https:\/\/schema.org","@graph":[{"@type":"WebPage","@id":"https:\/\/www.silverlininghomedecor.com\/fr\/testimonials\/","url":"https:\/\/www.silverlininghomedecor.com\/fr\/testimonials\/","name":"T\u00e9moignages &ndash; Silver Lining Interior Design &amp; Home D\u00e9cor - Fredericton NB","isPartOf":{"@id":"https:\/\/www.silverlininghomedecor.com\/fr\/#website"},"datePublished":"2019-09-11T15:47:49+00:00","dateModified":"2021-02-10T13:26:12+00:00","description":"Silver Lining Interior Design & Home D\u00e9cor offre des services de conception, de d\u00e9coration et de mise en sc\u00e8ne pour r\u00e9pondre \u00e0 vos besoins. Services offerts \u00e0 Frederiction Nouveau-Brunswick et dans les communaut\u00e9s environnantes.","breadcrumb":{"@id":"https:\/\/www.silverlininghomedecor.com\/fr\/testimonials\/#breadcrumb"},"inLanguage":"fr-FR","potentialAction":[{"@type":"ReadAction","target":["https:\/\/www.silverlininghomedecor.com\/fr\/testimonials\/"]}]},{"@type":"BreadcrumbList","@id":"https:\/\/www.silverlininghomedecor.com\/fr\/testimonials\/#breadcrumb","itemListElement":[{"@type":"ListItem","position":1,"name":"Home","item":"https:\/\/www.silverlininghomedecor.com\/fr\/"},{"@type":"ListItem","position":2,"name":"T\u00e9moignages"}]},{"@type":"WebSite","@id":"https:\/\/www.silverlininghomedecor.com\/fr\/#website","url":"https:\/\/www.silverlininghomedecor.com\/fr\/","name":"Silver Lining Interior Design & Home D\u00e9cor - Fredericton NB","description":"Interior Design &amp; Home D\u00e9cor","publisher":{"@id":"https:\/\/www.silverlininghomedecor.com\/fr\/#organization"},"potentialAction":[{"@type":"SearchAction","target":{"@type":"EntryPoint","urlTemplate":"https:\/\/www.silverlininghomedecor.com\/fr\/?s={search_term_string}"},"query-input":"required name=search_term_string"}],"inLanguage":"fr-FR"},{"@type":"Organization","@id":"https:\/\/www.silverlininghomedecor.com\/fr\/#organization","name":"Silver Lining Interior Design & Home D\u00e9cor - Fredericton NB","url":"https:\/\/www.silverlininghomedecor.com\/fr\/","logo":{"@type":"ImageObject","inLanguage":"fr-FR","@id":"https:\/\/www.silverlininghomedecor.com\/fr\/#\/schema\/logo\/image\/","url":"http:\/\/www.silverlininghomedecor.com\/wp-content\/uploads\/2023\/05\/Screen-Shot-2023-05-31-at-8.58.02-AM.png","contentUrl":"http:\/\/www.silverlininghomedecor.com\/wp-content\/uploads\/2023\/05\/Screen-Shot-2023-05-31-at-8.58.02-AM.png","width":1138,"height":518,"caption":"Silver Lining Interior Design & Home D\u00e9cor - Fredericton NB"},"image":{"@id":"https:\/\/www.silverlininghomedecor.com\/fr\/#\/schema\/logo\/image\/"},"sameAs":["https:\/\/www.facebook.com\/silverlininghomedecor","https:\/\/www.houzz.com\/professionals\/interior-designers-and-decorators\/silver-lining-home-decor-pfvwus-pf~1513545398","https:\/\/www.instagram.com\/silverlininghomedecor"]}]}},"_links":{"self":[{"href":"https:\/\/www.silverlininghomedecor.com\/fr\/wp-json\/wp\/v2\/pages\/205"}],"collection":[{"href":"https:\/\/www.silverlininghomedecor.com\/fr\/wp-json\/wp\/v2\/pages"}],"about":[{"href":"https:\/\/www.silverlininghomedecor.com\/fr\/wp-json\/wp\/v2\/types\/page"}],"author":[{"embeddable":true,"href":"https:\/\/www.silverlininghomedecor.com\/fr\/wp-json\/wp\/v2\/users\/2"}],"replies":[{"embeddable":true,"href":"https:\/\/www.silverlininghomedecor.com\/fr\/wp-json\/wp\/v2\/comments?post=205"}],"version-history":[{"count":14,"href":"https:\/\/www.silverlininghomedecor.com\/fr\/wp-json\/wp\/v2\/pages\/205\/revisions"}],"predecessor-version":[{"id":840,"href":"https:\/\/www.silverlininghomedecor.com\/fr\/wp-json\/wp\/v2\/pages\/205\/revisions\/840"}],"wp:attachment":[{"href":"https:\/\/www.silverlininghomedecor.com\/fr\/wp-json\/wp\/v2\/media?parent=205"}],"curies":[{"name":"wp","href":"https:\/\/api.w.org\/{rel}","templated":true}]}}