{"id":217,"date":"2019-09-11T15:47:06","date_gmt":"2019-09-11T15:47:06","guid":{"rendered":"http:\/\/www.silverlininghomedecor.com\/portfolio\/rendering\/"},"modified":"2024-01-30T17:50:14","modified_gmt":"2024-01-30T17:50:14","slug":"rendering","status":"publish","type":"page","link":"https:\/\/www.silverlininghomedecor.com\/fr\/rendering\/","title":{"rendered":"Rendu D\u2019Image"},"content":{"rendered":"\n<h1 class=\"wp-block-heading\"><em>Rendu parfait !<\/em> <\/h1>\n\n\n\n<h4 class=\"wp-block-heading\">Service de rendu d\u2019image <em> <\/em><\/h4>\n\n\n\n<p>Nos services de rendu d\u2019image sont offerts \u00e0 200,00 $ \/ pi\u00e8ce. Un rendu d\u2019image est une reproduction digitale 2D ou 3D qui vous donne une vue plongeante de ce qu\u2019une pi\u00e8ce pourrait ressembler. Apr\u00e8s une consultation avec notre consultant de design, vous pourrez d\u00e9cider que vous aimeriez voir un rendu d\u2019image pour une pi\u00e8ce sp\u00e9cifique. Il pr\u00e9sentera un am\u00e9nagement potentiel et expliquera comment l&rsquo;espace peut fonctionner plus efficacement avec diff\u00e9rents emplacements de mobilier et \/ ou un nouveau concept. Regardez-le maintenant ! <\/p>\n","protected":false},"excerpt":{"rendered":"<p>Rendu parfait ! Service de rendu d\u2019image Nos services de rendu d\u2019image sont offerts \u00e0 200,00 $ \/ pi\u00e8ce. Un rendu d\u2019image est une reproduction digitale 2D ou 3D qui vous donne une vue plongeante de ce qu\u2019une pi\u00e8ce pourrait ressembler. Apr\u00e8s une consultation avec notre consultant de design, vous pourrez d\u00e9cider que vous aimeriez [&hellip;]<\/p>\n","protected":false},"author":2,"featured_media":0,"parent":0,"menu_order":0,"comment_status":"closed","ping_status":"closed","template":"","meta":[],"acf":[],"yoast_head":"<!-- This site is optimized with the Yoast SEO plugin v20.8 - https:\/\/yoast.com\/wordpress\/plugins\/seo\/ -->\n<title>Rendu D\u2019Image &ndash; Silver Lining Interior Design &amp; Home D\u00e9cor - Fredericton NB<\/title>\n<meta name=\"description\" content=\"Silver Lining Interior Design &amp; Home D\u00e9cor offre des services de conception, de d\u00e9coration et de mise en sc\u00e8ne pour r\u00e9pondre \u00e0 vos besoins. Services offerts \u00e0 Frederiction Nouveau-Brunswick et dans les communaut\u00e9s environnantes.\" \/>\n<meta name=\"robots\" content=\"index, follow, max-snippet:-1, max-image-preview:large, max-video-preview:-1\" \/>\n<link rel=\"canonical\" href=\"https:\/\/www.silverlininghomedecor.com\/fr\/rendering\/\" \/>\n<meta property=\"og:locale\" content=\"fr_FR\" \/>\n<meta property=\"og:type\" content=\"article\" \/>\n<meta property=\"og:title\" content=\"Rendu D\u2019Image &ndash; Silver Lining Interior Design &amp; Home D\u00e9cor - Fredericton NB\" \/>\n<meta property=\"og:description\" content=\"Silver Lining Interior Design &amp; Home D\u00e9cor offre des services de conception, de d\u00e9coration et de mise en sc\u00e8ne pour r\u00e9pondre \u00e0 vos besoins. Services offerts \u00e0 Frederiction Nouveau-Brunswick et dans les communaut\u00e9s environnantes.\" \/>\n<meta property=\"og:url\" content=\"https:\/\/www.silverlininghomedecor.com\/fr\/rendering\/\" \/>\n<meta property=\"og:site_name\" content=\"Silver Lining Interior Design &amp; Home D\u00e9cor - Fredericton NB\" \/>\n<meta property=\"article:publisher\" content=\"https:\/\/www.facebook.com\/silverlininghomedecor\" \/>\n<meta property=\"article:modified_time\" content=\"2024-01-30T17:50:14+00:00\" \/>\n<meta property=\"og:image\" content=\"https:\/\/www.silverlininghomedecor.com\/wp-content\/uploads\/2023\/05\/Screen-Shot-2023-05-31-at-9.05.44-AM.jpg\" \/>\n\t<meta property=\"og:image:width\" content=\"1200\" \/>\n\t<meta property=\"og:image:height\" content=\"675\" \/>\n\t<meta property=\"og:image:type\" content=\"image\/jpeg\" \/>\n<meta name=\"twitter:card\" content=\"summary_large_image\" \/>\n<meta name=\"twitter:label1\" content=\"Dur\u00e9e de lecture estim\u00e9e\" \/>\n\t<meta name=\"twitter:data1\" content=\"1 minute\" \/>\n<script type=\"application\/ld+json\" class=\"yoast-schema-graph\">{\"@context\":\"https:\/\/schema.org\",\"@graph\":[{\"@type\":\"WebPage\",\"@id\":\"https:\/\/www.silverlininghomedecor.com\/fr\/rendering\/\",\"url\":\"https:\/\/www.silverlininghomedecor.com\/fr\/rendering\/\",\"name\":\"Rendu D\u2019Image &ndash; Silver Lining Interior Design &amp; Home D\u00e9cor - Fredericton NB\",\"isPartOf\":{\"@id\":\"https:\/\/www.silverlininghomedecor.com\/fr\/#website\"},\"datePublished\":\"2019-09-11T15:47:06+00:00\",\"dateModified\":\"2024-01-30T17:50:14+00:00\",\"description\":\"Silver Lining Interior Design & Home D\u00e9cor offre des services de conception, de d\u00e9coration et de mise en sc\u00e8ne pour r\u00e9pondre \u00e0 vos besoins. Services offerts \u00e0 Frederiction Nouveau-Brunswick et dans les communaut\u00e9s environnantes.\",\"breadcrumb\":{\"@id\":\"https:\/\/www.silverlininghomedecor.com\/fr\/rendering\/#breadcrumb\"},\"inLanguage\":\"fr-FR\",\"potentialAction\":[{\"@type\":\"ReadAction\",\"target\":[\"https:\/\/www.silverlininghomedecor.com\/fr\/rendering\/\"]}]},{\"@type\":\"BreadcrumbList\",\"@id\":\"https:\/\/www.silverlininghomedecor.com\/fr\/rendering\/#breadcrumb\",\"itemListElement\":[{\"@type\":\"ListItem\",\"position\":1,\"name\":\"Home\",\"item\":\"https:\/\/www.silverlininghomedecor.com\/fr\/\"},{\"@type\":\"ListItem\",\"position\":2,\"name\":\"Rendu D\u2019Image\"}]},{\"@type\":\"WebSite\",\"@id\":\"https:\/\/www.silverlininghomedecor.com\/fr\/#website\",\"url\":\"https:\/\/www.silverlininghomedecor.com\/fr\/\",\"name\":\"Silver Lining Interior Design & Home D\u00e9cor - Fredericton NB\",\"description\":\"Interior Design &amp; Home D\u00e9cor\",\"publisher\":{\"@id\":\"https:\/\/www.silverlininghomedecor.com\/fr\/#organization\"},\"potentialAction\":[{\"@type\":\"SearchAction\",\"target\":{\"@type\":\"EntryPoint\",\"urlTemplate\":\"https:\/\/www.silverlininghomedecor.com\/fr\/?s={search_term_string}\"},\"query-input\":\"required name=search_term_string\"}],\"inLanguage\":\"fr-FR\"},{\"@type\":\"Organization\",\"@id\":\"https:\/\/www.silverlininghomedecor.com\/fr\/#organization\",\"name\":\"Silver Lining Interior Design & Home D\u00e9cor - Fredericton NB\",\"url\":\"https:\/\/www.silverlininghomedecor.com\/fr\/\",\"logo\":{\"@type\":\"ImageObject\",\"inLanguage\":\"fr-FR\",\"@id\":\"https:\/\/www.silverlininghomedecor.com\/fr\/#\/schema\/logo\/image\/\",\"url\":\"http:\/\/www.silverlininghomedecor.com\/wp-content\/uploads\/2023\/05\/Screen-Shot-2023-05-31-at-8.58.02-AM.png\",\"contentUrl\":\"http:\/\/www.silverlininghomedecor.com\/wp-content\/uploads\/2023\/05\/Screen-Shot-2023-05-31-at-8.58.02-AM.png\",\"width\":1138,\"height\":518,\"caption\":\"Silver Lining Interior Design & Home D\u00e9cor - Fredericton NB\"},\"image\":{\"@id\":\"https:\/\/www.silverlininghomedecor.com\/fr\/#\/schema\/logo\/image\/\"},\"sameAs\":[\"https:\/\/www.facebook.com\/silverlininghomedecor\",\"https:\/\/www.houzz.com\/professionals\/interior-designers-and-decorators\/silver-lining-home-decor-pfvwus-pf~1513545398\",\"https:\/\/www.instagram.com\/silverlininghomedecor\"]}]}<\/script>\n<!-- \/ Yoast SEO plugin. -->","yoast_head_json":{"title":"Rendu D\u2019Image &ndash; Silver Lining Interior Design &amp; Home D\u00e9cor - Fredericton NB","description":"Silver Lining Interior Design & Home D\u00e9cor offre des services de conception, de d\u00e9coration et de mise en sc\u00e8ne pour r\u00e9pondre \u00e0 vos besoins. Services offerts \u00e0 Frederiction Nouveau-Brunswick et dans les communaut\u00e9s environnantes.","robots":{"index":"index","follow":"follow","max-snippet":"max-snippet:-1","max-image-preview":"max-image-preview:large","max-video-preview":"max-video-preview:-1"},"canonical":"https:\/\/www.silverlininghomedecor.com\/fr\/rendering\/","og_locale":"fr_FR","og_type":"article","og_title":"Rendu D\u2019Image &ndash; Silver Lining Interior Design &amp; Home D\u00e9cor - Fredericton NB","og_description":"Silver Lining Interior Design & Home D\u00e9cor offre des services de conception, de d\u00e9coration et de mise en sc\u00e8ne pour r\u00e9pondre \u00e0 vos besoins. Services offerts \u00e0 Frederiction Nouveau-Brunswick et dans les communaut\u00e9s environnantes.","og_url":"https:\/\/www.silverlininghomedecor.com\/fr\/rendering\/","og_site_name":"Silver Lining Interior Design &amp; Home D\u00e9cor - Fredericton NB","article_publisher":"https:\/\/www.facebook.com\/silverlininghomedecor","article_modified_time":"2024-01-30T17:50:14+00:00","og_image":[{"width":1200,"height":675,"url":"https:\/\/www.silverlininghomedecor.com\/wp-content\/uploads\/2023\/05\/Screen-Shot-2023-05-31-at-9.05.44-AM.jpg","type":"image\/jpeg"}],"twitter_card":"summary_large_image","twitter_misc":{"Dur\u00e9e de lecture estim\u00e9e":"1 minute"},"schema":{"@context":"https:\/\/schema.org","@graph":[{"@type":"WebPage","@id":"https:\/\/www.silverlininghomedecor.com\/fr\/rendering\/","url":"https:\/\/www.silverlininghomedecor.com\/fr\/rendering\/","name":"Rendu D\u2019Image &ndash; Silver Lining Interior Design &amp; Home D\u00e9cor - Fredericton NB","isPartOf":{"@id":"https:\/\/www.silverlininghomedecor.com\/fr\/#website"},"datePublished":"2019-09-11T15:47:06+00:00","dateModified":"2024-01-30T17:50:14+00:00","description":"Silver Lining Interior Design & Home D\u00e9cor offre des services de conception, de d\u00e9coration et de mise en sc\u00e8ne pour r\u00e9pondre \u00e0 vos besoins. Services offerts \u00e0 Frederiction Nouveau-Brunswick et dans les communaut\u00e9s environnantes.","breadcrumb":{"@id":"https:\/\/www.silverlininghomedecor.com\/fr\/rendering\/#breadcrumb"},"inLanguage":"fr-FR","potentialAction":[{"@type":"ReadAction","target":["https:\/\/www.silverlininghomedecor.com\/fr\/rendering\/"]}]},{"@type":"BreadcrumbList","@id":"https:\/\/www.silverlininghomedecor.com\/fr\/rendering\/#breadcrumb","itemListElement":[{"@type":"ListItem","position":1,"name":"Home","item":"https:\/\/www.silverlininghomedecor.com\/fr\/"},{"@type":"ListItem","position":2,"name":"Rendu D\u2019Image"}]},{"@type":"WebSite","@id":"https:\/\/www.silverlininghomedecor.com\/fr\/#website","url":"https:\/\/www.silverlininghomedecor.com\/fr\/","name":"Silver Lining Interior Design & Home D\u00e9cor - Fredericton NB","description":"Interior Design &amp; Home D\u00e9cor","publisher":{"@id":"https:\/\/www.silverlininghomedecor.com\/fr\/#organization"},"potentialAction":[{"@type":"SearchAction","target":{"@type":"EntryPoint","urlTemplate":"https:\/\/www.silverlininghomedecor.com\/fr\/?s={search_term_string}"},"query-input":"required name=search_term_string"}],"inLanguage":"fr-FR"},{"@type":"Organization","@id":"https:\/\/www.silverlininghomedecor.com\/fr\/#organization","name":"Silver Lining Interior Design & Home D\u00e9cor - Fredericton NB","url":"https:\/\/www.silverlininghomedecor.com\/fr\/","logo":{"@type":"ImageObject","inLanguage":"fr-FR","@id":"https:\/\/www.silverlininghomedecor.com\/fr\/#\/schema\/logo\/image\/","url":"http:\/\/www.silverlininghomedecor.com\/wp-content\/uploads\/2023\/05\/Screen-Shot-2023-05-31-at-8.58.02-AM.png","contentUrl":"http:\/\/www.silverlininghomedecor.com\/wp-content\/uploads\/2023\/05\/Screen-Shot-2023-05-31-at-8.58.02-AM.png","width":1138,"height":518,"caption":"Silver Lining Interior Design & Home D\u00e9cor - Fredericton NB"},"image":{"@id":"https:\/\/www.silverlininghomedecor.com\/fr\/#\/schema\/logo\/image\/"},"sameAs":["https:\/\/www.facebook.com\/silverlininghomedecor","https:\/\/www.houzz.com\/professionals\/interior-designers-and-decorators\/silver-lining-home-decor-pfvwus-pf~1513545398","https:\/\/www.instagram.com\/silverlininghomedecor"]}]}},"_links":{"self":[{"href":"https:\/\/www.silverlininghomedecor.com\/fr\/wp-json\/wp\/v2\/pages\/217"}],"collection":[{"href":"https:\/\/www.silverlininghomedecor.com\/fr\/wp-json\/wp\/v2\/pages"}],"about":[{"href":"https:\/\/www.silverlininghomedecor.com\/fr\/wp-json\/wp\/v2\/types\/page"}],"author":[{"embeddable":true,"href":"https:\/\/www.silverlininghomedecor.com\/fr\/wp-json\/wp\/v2\/users\/2"}],"replies":[{"embeddable":true,"href":"https:\/\/www.silverlininghomedecor.com\/fr\/wp-json\/wp\/v2\/comments?post=217"}],"version-history":[{"count":7,"href":"https:\/\/www.silverlininghomedecor.com\/fr\/wp-json\/wp\/v2\/pages\/217\/revisions"}],"predecessor-version":[{"id":1340,"href":"https:\/\/www.silverlininghomedecor.com\/fr\/wp-json\/wp\/v2\/pages\/217\/revisions\/1340"}],"wp:attachment":[{"href":"https:\/\/www.silverlininghomedecor.com\/fr\/wp-json\/wp\/v2\/media?parent=217"}],"curies":[{"name":"wp","href":"https:\/\/api.w.org\/{rel}","templated":true}]}}