{"id":653,"date":"2019-09-24T17:11:45","date_gmt":"2019-09-24T17:11:45","guid":{"rendered":"http:\/\/www.silverlininghomedecor.com\/?page_id=653"},"modified":"2024-01-30T17:52:51","modified_gmt":"2024-01-30T17:52:51","slug":"liste-des-prix-des-services","status":"publish","type":"page","link":"https:\/\/www.silverlininghomedecor.com\/fr\/liste-des-prix-des-services\/","title":{"rendered":"Liste des prix des services"},"content":{"rendered":"\n<h3 class=\"wp-block-heading\">CONSULTATION    <\/h3>\n\n\n\n<p><strong><em>Parlons !<\/em><\/strong><br>Une premi\u00e8re consultation a lieu avec notre consultant de design et s\u2019agit d\u2019un service gratuit.<\/p>\n\n\n\n<h3 class=\"wp-block-heading\">DESIGN            <\/h3>\n\n\n\n<p><strong><em>Soyons cr\u00e9atifs !<\/em><\/strong><br>Nos services de consultation de design sont offerts \u00e0 60,00 $ \/ heure.  <br>Notre rapport de consultation de design est un service offert \u00e0 100,00 $ \/ rapport.  <br>Nos services d\u2019approvisionnement sont offerts \u00e0 60,00 $ \/ heure.  <br>Nos services de transformation sont offerts \u00e0 60,00 $ l&rsquo;heure (les mat\u00e9riaux procur\u00e9s sont en sus).  <\/p>\n\n\n\n<h3 class=\"wp-block-heading\">STAGING            <\/h3>\n\n\n\n<p><strong><em>Vendu !<\/em><\/strong><br>Nos services de staging sont offerts \u00e0 60,00 $ \/ heure. <\/p>\n\n\n\n<h3 class=\"wp-block-heading\">RENDU D\u2019IMAGE    <\/h3>\n\n\n\n<p><strong><em>Rendu parfait !<\/em><\/strong><br>Nos services de rendu d\u2019image sont offerts \u00e0 200,00 $ \/ pi\u00e8ce. <\/p>\n\n\n\n<h3 class=\"wp-block-heading\">R\u00c9NOVATION        <\/h3>\n\n\n\n<p><strong><em>Un coup de main !<\/em><\/strong><br>Nos services de r\u00e9novation sont offerts \u00e0 60,00 $ \/ heure. <\/p>\n\n\n\n<h3 class=\"wp-block-heading\">MOOD BOARD        <\/h3>\n\n\n\n<p><strong><em>Simplement inspirant !<\/em><\/strong><br>Nos services de mood board sont offerts \u00e0 150 $ \/ board. <\/p>\n\n\n\n<p><em>Les services cit\u00e9s sont offerts dans les limites de la ville de Fredericton.  Pour les zones en dehors des limites de la ville des frais suppl\u00e9mentaires peuvent s&rsquo;appliquer. Les paiements sont accept\u00e9s sous diverses formes. Contactez-nous pour plus de d\u00e9tails.<\/em><\/p>\n","protected":false},"excerpt":{"rendered":"<p>CONSULTATION Parlons !Une premi\u00e8re consultation a lieu avec notre consultant de design et s\u2019agit d\u2019un service gratuit. DESIGN Soyons cr\u00e9atifs !Nos services de consultation de design sont offerts \u00e0 60,00 $ \/ heure. Notre rapport de consultation de design est un service offert \u00e0 100,00 $ \/ rapport. Nos services d\u2019approvisionnement sont offerts \u00e0 60,00 [&hellip;]<\/p>\n","protected":false},"author":2,"featured_media":0,"parent":0,"menu_order":0,"comment_status":"closed","ping_status":"closed","template":"","meta":[],"acf":[],"yoast_head":"<!-- This site is optimized with the Yoast SEO plugin v20.8 - https:\/\/yoast.com\/wordpress\/plugins\/seo\/ -->\n<title>Liste des prix des services &ndash; Silver Lining Interior Design &amp; Home D\u00e9cor - Fredericton NB<\/title>\n<meta name=\"description\" content=\"Silver Lining Interior Design &amp; Home D\u00e9cor offre des services de conception, de d\u00e9coration et de mise en sc\u00e8ne pour r\u00e9pondre \u00e0 vos besoins. Services offerts \u00e0 Frederiction Nouveau-Brunswick et dans les communaut\u00e9s environnantes.\" \/>\n<meta name=\"robots\" content=\"index, follow, max-snippet:-1, max-image-preview:large, max-video-preview:-1\" \/>\n<link rel=\"canonical\" href=\"https:\/\/www.silverlininghomedecor.com\/fr\/liste-des-prix-des-services\/\" \/>\n<meta property=\"og:locale\" content=\"fr_FR\" \/>\n<meta property=\"og:type\" content=\"article\" \/>\n<meta property=\"og:title\" content=\"Liste des prix des services &ndash; Silver Lining Interior Design &amp; Home D\u00e9cor - Fredericton NB\" \/>\n<meta property=\"og:description\" content=\"Silver Lining Interior Design &amp; Home D\u00e9cor offre des services de conception, de d\u00e9coration et de mise en sc\u00e8ne pour r\u00e9pondre \u00e0 vos besoins. Services offerts \u00e0 Frederiction Nouveau-Brunswick et dans les communaut\u00e9s environnantes.\" \/>\n<meta property=\"og:url\" content=\"https:\/\/www.silverlininghomedecor.com\/fr\/liste-des-prix-des-services\/\" \/>\n<meta property=\"og:site_name\" content=\"Silver Lining Interior Design &amp; Home D\u00e9cor - Fredericton NB\" \/>\n<meta property=\"article:publisher\" content=\"https:\/\/www.facebook.com\/silverlininghomedecor\" \/>\n<meta property=\"article:modified_time\" content=\"2024-01-30T17:52:51+00:00\" \/>\n<meta property=\"og:image\" content=\"https:\/\/www.silverlininghomedecor.com\/wp-content\/uploads\/2023\/05\/Screen-Shot-2023-05-31-at-9.05.44-AM.jpg\" \/>\n\t<meta property=\"og:image:width\" content=\"1200\" \/>\n\t<meta property=\"og:image:height\" content=\"675\" \/>\n\t<meta property=\"og:image:type\" content=\"image\/jpeg\" \/>\n<meta name=\"twitter:card\" content=\"summary_large_image\" \/>\n<meta name=\"twitter:label1\" content=\"Dur\u00e9e de lecture estim\u00e9e\" \/>\n\t<meta name=\"twitter:data1\" content=\"1 minute\" \/>\n<script type=\"application\/ld+json\" class=\"yoast-schema-graph\">{\"@context\":\"https:\/\/schema.org\",\"@graph\":[{\"@type\":\"WebPage\",\"@id\":\"https:\/\/www.silverlininghomedecor.com\/fr\/liste-des-prix-des-services\/\",\"url\":\"https:\/\/www.silverlininghomedecor.com\/fr\/liste-des-prix-des-services\/\",\"name\":\"Liste des prix des services &ndash; Silver Lining Interior Design &amp; Home D\u00e9cor - Fredericton NB\",\"isPartOf\":{\"@id\":\"https:\/\/www.silverlininghomedecor.com\/fr\/#website\"},\"datePublished\":\"2019-09-24T17:11:45+00:00\",\"dateModified\":\"2024-01-30T17:52:51+00:00\",\"description\":\"Silver Lining Interior Design & Home D\u00e9cor offre des services de conception, de d\u00e9coration et de mise en sc\u00e8ne pour r\u00e9pondre \u00e0 vos besoins. Services offerts \u00e0 Frederiction Nouveau-Brunswick et dans les communaut\u00e9s environnantes.\",\"breadcrumb\":{\"@id\":\"https:\/\/www.silverlininghomedecor.com\/fr\/liste-des-prix-des-services\/#breadcrumb\"},\"inLanguage\":\"fr-FR\",\"potentialAction\":[{\"@type\":\"ReadAction\",\"target\":[\"https:\/\/www.silverlininghomedecor.com\/fr\/liste-des-prix-des-services\/\"]}]},{\"@type\":\"BreadcrumbList\",\"@id\":\"https:\/\/www.silverlininghomedecor.com\/fr\/liste-des-prix-des-services\/#breadcrumb\",\"itemListElement\":[{\"@type\":\"ListItem\",\"position\":1,\"name\":\"Home\",\"item\":\"https:\/\/www.silverlininghomedecor.com\/fr\/\"},{\"@type\":\"ListItem\",\"position\":2,\"name\":\"Liste des prix des services\"}]},{\"@type\":\"WebSite\",\"@id\":\"https:\/\/www.silverlininghomedecor.com\/fr\/#website\",\"url\":\"https:\/\/www.silverlininghomedecor.com\/fr\/\",\"name\":\"Silver Lining Interior Design & Home D\u00e9cor - Fredericton NB\",\"description\":\"Interior Design &amp; Home D\u00e9cor\",\"publisher\":{\"@id\":\"https:\/\/www.silverlininghomedecor.com\/fr\/#organization\"},\"potentialAction\":[{\"@type\":\"SearchAction\",\"target\":{\"@type\":\"EntryPoint\",\"urlTemplate\":\"https:\/\/www.silverlininghomedecor.com\/fr\/?s={search_term_string}\"},\"query-input\":\"required name=search_term_string\"}],\"inLanguage\":\"fr-FR\"},{\"@type\":\"Organization\",\"@id\":\"https:\/\/www.silverlininghomedecor.com\/fr\/#organization\",\"name\":\"Silver Lining Interior Design & Home D\u00e9cor - Fredericton NB\",\"url\":\"https:\/\/www.silverlininghomedecor.com\/fr\/\",\"logo\":{\"@type\":\"ImageObject\",\"inLanguage\":\"fr-FR\",\"@id\":\"https:\/\/www.silverlininghomedecor.com\/fr\/#\/schema\/logo\/image\/\",\"url\":\"http:\/\/www.silverlininghomedecor.com\/wp-content\/uploads\/2023\/05\/Screen-Shot-2023-05-31-at-8.58.02-AM.png\",\"contentUrl\":\"http:\/\/www.silverlininghomedecor.com\/wp-content\/uploads\/2023\/05\/Screen-Shot-2023-05-31-at-8.58.02-AM.png\",\"width\":1138,\"height\":518,\"caption\":\"Silver Lining Interior Design & Home D\u00e9cor - Fredericton NB\"},\"image\":{\"@id\":\"https:\/\/www.silverlininghomedecor.com\/fr\/#\/schema\/logo\/image\/\"},\"sameAs\":[\"https:\/\/www.facebook.com\/silverlininghomedecor\",\"https:\/\/www.houzz.com\/professionals\/interior-designers-and-decorators\/silver-lining-home-decor-pfvwus-pf~1513545398\",\"https:\/\/www.instagram.com\/silverlininghomedecor\"]}]}<\/script>\n<!-- \/ Yoast SEO plugin. -->","yoast_head_json":{"title":"Liste des prix des services &ndash; Silver Lining Interior Design &amp; Home D\u00e9cor - Fredericton NB","description":"Silver Lining Interior Design & Home D\u00e9cor offre des services de conception, de d\u00e9coration et de mise en sc\u00e8ne pour r\u00e9pondre \u00e0 vos besoins. Services offerts \u00e0 Frederiction Nouveau-Brunswick et dans les communaut\u00e9s environnantes.","robots":{"index":"index","follow":"follow","max-snippet":"max-snippet:-1","max-image-preview":"max-image-preview:large","max-video-preview":"max-video-preview:-1"},"canonical":"https:\/\/www.silverlininghomedecor.com\/fr\/liste-des-prix-des-services\/","og_locale":"fr_FR","og_type":"article","og_title":"Liste des prix des services &ndash; Silver Lining Interior Design &amp; Home D\u00e9cor - Fredericton NB","og_description":"Silver Lining Interior Design & Home D\u00e9cor offre des services de conception, de d\u00e9coration et de mise en sc\u00e8ne pour r\u00e9pondre \u00e0 vos besoins. Services offerts \u00e0 Frederiction Nouveau-Brunswick et dans les communaut\u00e9s environnantes.","og_url":"https:\/\/www.silverlininghomedecor.com\/fr\/liste-des-prix-des-services\/","og_site_name":"Silver Lining Interior Design &amp; Home D\u00e9cor - Fredericton NB","article_publisher":"https:\/\/www.facebook.com\/silverlininghomedecor","article_modified_time":"2024-01-30T17:52:51+00:00","og_image":[{"width":1200,"height":675,"url":"https:\/\/www.silverlininghomedecor.com\/wp-content\/uploads\/2023\/05\/Screen-Shot-2023-05-31-at-9.05.44-AM.jpg","type":"image\/jpeg"}],"twitter_card":"summary_large_image","twitter_misc":{"Dur\u00e9e de lecture estim\u00e9e":"1 minute"},"schema":{"@context":"https:\/\/schema.org","@graph":[{"@type":"WebPage","@id":"https:\/\/www.silverlininghomedecor.com\/fr\/liste-des-prix-des-services\/","url":"https:\/\/www.silverlininghomedecor.com\/fr\/liste-des-prix-des-services\/","name":"Liste des prix des services &ndash; Silver Lining Interior Design &amp; Home D\u00e9cor - Fredericton NB","isPartOf":{"@id":"https:\/\/www.silverlininghomedecor.com\/fr\/#website"},"datePublished":"2019-09-24T17:11:45+00:00","dateModified":"2024-01-30T17:52:51+00:00","description":"Silver Lining Interior Design & Home D\u00e9cor offre des services de conception, de d\u00e9coration et de mise en sc\u00e8ne pour r\u00e9pondre \u00e0 vos besoins. Services offerts \u00e0 Frederiction Nouveau-Brunswick et dans les communaut\u00e9s environnantes.","breadcrumb":{"@id":"https:\/\/www.silverlininghomedecor.com\/fr\/liste-des-prix-des-services\/#breadcrumb"},"inLanguage":"fr-FR","potentialAction":[{"@type":"ReadAction","target":["https:\/\/www.silverlininghomedecor.com\/fr\/liste-des-prix-des-services\/"]}]},{"@type":"BreadcrumbList","@id":"https:\/\/www.silverlininghomedecor.com\/fr\/liste-des-prix-des-services\/#breadcrumb","itemListElement":[{"@type":"ListItem","position":1,"name":"Home","item":"https:\/\/www.silverlininghomedecor.com\/fr\/"},{"@type":"ListItem","position":2,"name":"Liste des prix des services"}]},{"@type":"WebSite","@id":"https:\/\/www.silverlininghomedecor.com\/fr\/#website","url":"https:\/\/www.silverlininghomedecor.com\/fr\/","name":"Silver Lining Interior Design & Home D\u00e9cor - Fredericton NB","description":"Interior Design &amp; Home D\u00e9cor","publisher":{"@id":"https:\/\/www.silverlininghomedecor.com\/fr\/#organization"},"potentialAction":[{"@type":"SearchAction","target":{"@type":"EntryPoint","urlTemplate":"https:\/\/www.silverlininghomedecor.com\/fr\/?s={search_term_string}"},"query-input":"required name=search_term_string"}],"inLanguage":"fr-FR"},{"@type":"Organization","@id":"https:\/\/www.silverlininghomedecor.com\/fr\/#organization","name":"Silver Lining Interior Design & Home D\u00e9cor - Fredericton NB","url":"https:\/\/www.silverlininghomedecor.com\/fr\/","logo":{"@type":"ImageObject","inLanguage":"fr-FR","@id":"https:\/\/www.silverlininghomedecor.com\/fr\/#\/schema\/logo\/image\/","url":"http:\/\/www.silverlininghomedecor.com\/wp-content\/uploads\/2023\/05\/Screen-Shot-2023-05-31-at-8.58.02-AM.png","contentUrl":"http:\/\/www.silverlininghomedecor.com\/wp-content\/uploads\/2023\/05\/Screen-Shot-2023-05-31-at-8.58.02-AM.png","width":1138,"height":518,"caption":"Silver Lining Interior Design & Home D\u00e9cor - Fredericton NB"},"image":{"@id":"https:\/\/www.silverlininghomedecor.com\/fr\/#\/schema\/logo\/image\/"},"sameAs":["https:\/\/www.facebook.com\/silverlininghomedecor","https:\/\/www.houzz.com\/professionals\/interior-designers-and-decorators\/silver-lining-home-decor-pfvwus-pf~1513545398","https:\/\/www.instagram.com\/silverlininghomedecor"]}]}},"_links":{"self":[{"href":"https:\/\/www.silverlininghomedecor.com\/fr\/wp-json\/wp\/v2\/pages\/653"}],"collection":[{"href":"https:\/\/www.silverlininghomedecor.com\/fr\/wp-json\/wp\/v2\/pages"}],"about":[{"href":"https:\/\/www.silverlininghomedecor.com\/fr\/wp-json\/wp\/v2\/types\/page"}],"author":[{"embeddable":true,"href":"https:\/\/www.silverlininghomedecor.com\/fr\/wp-json\/wp\/v2\/users\/2"}],"replies":[{"embeddable":true,"href":"https:\/\/www.silverlininghomedecor.com\/fr\/wp-json\/wp\/v2\/comments?post=653"}],"version-history":[{"count":2,"href":"https:\/\/www.silverlininghomedecor.com\/fr\/wp-json\/wp\/v2\/pages\/653\/revisions"}],"predecessor-version":[{"id":1342,"href":"https:\/\/www.silverlininghomedecor.com\/fr\/wp-json\/wp\/v2\/pages\/653\/revisions\/1342"}],"wp:attachment":[{"href":"https:\/\/www.silverlininghomedecor.com\/fr\/wp-json\/wp\/v2\/media?parent=653"}],"curies":[{"name":"wp","href":"https:\/\/api.w.org\/{rel}","templated":true}]}}