{"id":693,"date":"2019-10-17T11:59:08","date_gmt":"2019-10-17T11:59:08","guid":{"rendered":"http:\/\/www.silverlininghomedecor.com\/?page_id=693"},"modified":"2019-10-17T12:01:02","modified_gmt":"2019-10-17T12:01:02","slug":"test-page","status":"publish","type":"page","link":"https:\/\/www.silverlininghomedecor.com\/fr\/test-page\/","title":{"rendered":"Test Page &#8211; FR"},"content":{"rendered":"\n<p>Test page here. &#8211; FR<\/p>\n","protected":false},"excerpt":{"rendered":"<p>Test page here. &#8211; FR<\/p>\n","protected":false},"author":2,"featured_media":623,"parent":0,"menu_order":0,"comment_status":"closed","ping_status":"closed","template":"","meta":[],"acf":[],"yoast_head":"<!-- This site is optimized with the Yoast SEO plugin v20.8 - https:\/\/yoast.com\/wordpress\/plugins\/seo\/ -->\n<title>Test Page - FR &ndash; Silver Lining Interior Design &amp; Home D\u00e9cor - Fredericton NB<\/title>\n<meta name=\"description\" content=\"Silver Lining Interior Design &amp; Home D\u00e9cor offre des services de conception, de d\u00e9coration et de mise en sc\u00e8ne pour r\u00e9pondre \u00e0 vos besoins. Services offerts \u00e0 Frederiction Nouveau-Brunswick et dans les communaut\u00e9s environnantes.\" \/>\n<meta name=\"robots\" content=\"index, follow, max-snippet:-1, max-image-preview:large, max-video-preview:-1\" \/>\n<link rel=\"canonical\" href=\"https:\/\/www.silverlininghomedecor.com\/fr\/test-page\/\" \/>\n<meta property=\"og:locale\" content=\"fr_FR\" \/>\n<meta property=\"og:type\" content=\"article\" \/>\n<meta property=\"og:title\" content=\"Test Page - FR &ndash; Silver Lining Interior Design &amp; Home D\u00e9cor - Fredericton NB\" \/>\n<meta property=\"og:description\" content=\"Silver Lining Interior Design &amp; Home D\u00e9cor offre des services de conception, de d\u00e9coration et de mise en sc\u00e8ne pour r\u00e9pondre \u00e0 vos besoins. Services offerts \u00e0 Frederiction Nouveau-Brunswick et dans les communaut\u00e9s environnantes.\" \/>\n<meta property=\"og:url\" content=\"https:\/\/www.silverlininghomedecor.com\/fr\/test-page\/\" \/>\n<meta property=\"og:site_name\" content=\"Silver Lining Interior Design &amp; Home D\u00e9cor - Fredericton NB\" \/>\n<meta property=\"article:publisher\" content=\"https:\/\/www.facebook.com\/silverlininghomedecor\" \/>\n<meta property=\"article:modified_time\" content=\"2019-10-17T12:01:02+00:00\" \/>\n<meta property=\"og:image\" content=\"http:\/\/www.silverlininghomedecor.com\/wp-content\/uploads\/2019\/09\/2019-08-11_1157.9.jpg\" \/>\n\t<meta property=\"og:image:width\" content=\"1334\" \/>\n\t<meta property=\"og:image:height\" content=\"1452\" \/>\n\t<meta property=\"og:image:type\" content=\"image\/jpeg\" \/>\n<meta name=\"twitter:card\" content=\"summary_large_image\" \/>\n<script type=\"application\/ld+json\" class=\"yoast-schema-graph\">{\"@context\":\"https:\/\/schema.org\",\"@graph\":[{\"@type\":\"WebPage\",\"@id\":\"https:\/\/www.silverlininghomedecor.com\/fr\/test-page\/\",\"url\":\"https:\/\/www.silverlininghomedecor.com\/fr\/test-page\/\",\"name\":\"Test Page - FR &ndash; Silver Lining Interior Design &amp; Home D\u00e9cor - Fredericton NB\",\"isPartOf\":{\"@id\":\"https:\/\/www.silverlininghomedecor.com\/fr\/#website\"},\"datePublished\":\"2019-10-17T11:59:08+00:00\",\"dateModified\":\"2019-10-17T12:01:02+00:00\",\"description\":\"Silver Lining Interior Design & Home D\u00e9cor offre des services de conception, de d\u00e9coration et de mise en sc\u00e8ne pour r\u00e9pondre \u00e0 vos besoins. Services offerts \u00e0 Frederiction Nouveau-Brunswick et dans les communaut\u00e9s environnantes.\",\"breadcrumb\":{\"@id\":\"https:\/\/www.silverlininghomedecor.com\/fr\/test-page\/#breadcrumb\"},\"inLanguage\":\"fr-FR\",\"potentialAction\":[{\"@type\":\"ReadAction\",\"target\":[\"https:\/\/www.silverlininghomedecor.com\/fr\/test-page\/\"]}]},{\"@type\":\"BreadcrumbList\",\"@id\":\"https:\/\/www.silverlininghomedecor.com\/fr\/test-page\/#breadcrumb\",\"itemListElement\":[{\"@type\":\"ListItem\",\"position\":1,\"name\":\"Home\",\"item\":\"https:\/\/www.silverlininghomedecor.com\/fr\/\"},{\"@type\":\"ListItem\",\"position\":2,\"name\":\"Test Page &#8211; FR\"}]},{\"@type\":\"WebSite\",\"@id\":\"https:\/\/www.silverlininghomedecor.com\/fr\/#website\",\"url\":\"https:\/\/www.silverlininghomedecor.com\/fr\/\",\"name\":\"Silver Lining Interior Design & Home D\u00e9cor - Fredericton NB\",\"description\":\"Interior Design &amp; Home D\u00e9cor\",\"publisher\":{\"@id\":\"https:\/\/www.silverlininghomedecor.com\/fr\/#organization\"},\"potentialAction\":[{\"@type\":\"SearchAction\",\"target\":{\"@type\":\"EntryPoint\",\"urlTemplate\":\"https:\/\/www.silverlininghomedecor.com\/fr\/?s={search_term_string}\"},\"query-input\":\"required name=search_term_string\"}],\"inLanguage\":\"fr-FR\"},{\"@type\":\"Organization\",\"@id\":\"https:\/\/www.silverlininghomedecor.com\/fr\/#organization\",\"name\":\"Silver Lining Interior Design & Home D\u00e9cor - Fredericton NB\",\"url\":\"https:\/\/www.silverlininghomedecor.com\/fr\/\",\"logo\":{\"@type\":\"ImageObject\",\"inLanguage\":\"fr-FR\",\"@id\":\"https:\/\/www.silverlininghomedecor.com\/fr\/#\/schema\/logo\/image\/\",\"url\":\"http:\/\/www.silverlininghomedecor.com\/wp-content\/uploads\/2023\/05\/Screen-Shot-2023-05-31-at-8.58.02-AM.png\",\"contentUrl\":\"http:\/\/www.silverlininghomedecor.com\/wp-content\/uploads\/2023\/05\/Screen-Shot-2023-05-31-at-8.58.02-AM.png\",\"width\":1138,\"height\":518,\"caption\":\"Silver Lining Interior Design & Home D\u00e9cor - Fredericton NB\"},\"image\":{\"@id\":\"https:\/\/www.silverlininghomedecor.com\/fr\/#\/schema\/logo\/image\/\"},\"sameAs\":[\"https:\/\/www.facebook.com\/silverlininghomedecor\",\"https:\/\/www.houzz.com\/professionals\/interior-designers-and-decorators\/silver-lining-home-decor-pfvwus-pf~1513545398\",\"https:\/\/www.instagram.com\/silverlininghomedecor\"]}]}<\/script>\n<!-- \/ Yoast SEO plugin. -->","yoast_head_json":{"title":"Test Page - FR &ndash; Silver Lining Interior Design &amp; Home D\u00e9cor - Fredericton NB","description":"Silver Lining Interior Design & Home D\u00e9cor offre des services de conception, de d\u00e9coration et de mise en sc\u00e8ne pour r\u00e9pondre \u00e0 vos besoins. Services offerts \u00e0 Frederiction Nouveau-Brunswick et dans les communaut\u00e9s environnantes.","robots":{"index":"index","follow":"follow","max-snippet":"max-snippet:-1","max-image-preview":"max-image-preview:large","max-video-preview":"max-video-preview:-1"},"canonical":"https:\/\/www.silverlininghomedecor.com\/fr\/test-page\/","og_locale":"fr_FR","og_type":"article","og_title":"Test Page - FR &ndash; Silver Lining Interior Design &amp; Home D\u00e9cor - Fredericton NB","og_description":"Silver Lining Interior Design & Home D\u00e9cor offre des services de conception, de d\u00e9coration et de mise en sc\u00e8ne pour r\u00e9pondre \u00e0 vos besoins. Services offerts \u00e0 Frederiction Nouveau-Brunswick et dans les communaut\u00e9s environnantes.","og_url":"https:\/\/www.silverlininghomedecor.com\/fr\/test-page\/","og_site_name":"Silver Lining Interior Design &amp; Home D\u00e9cor - Fredericton NB","article_publisher":"https:\/\/www.facebook.com\/silverlininghomedecor","article_modified_time":"2019-10-17T12:01:02+00:00","og_image":[{"width":1334,"height":1452,"url":"http:\/\/www.silverlininghomedecor.com\/wp-content\/uploads\/2019\/09\/2019-08-11_1157.9.jpg","type":"image\/jpeg"}],"twitter_card":"summary_large_image","schema":{"@context":"https:\/\/schema.org","@graph":[{"@type":"WebPage","@id":"https:\/\/www.silverlininghomedecor.com\/fr\/test-page\/","url":"https:\/\/www.silverlininghomedecor.com\/fr\/test-page\/","name":"Test Page - FR &ndash; Silver Lining Interior Design &amp; Home D\u00e9cor - Fredericton NB","isPartOf":{"@id":"https:\/\/www.silverlininghomedecor.com\/fr\/#website"},"datePublished":"2019-10-17T11:59:08+00:00","dateModified":"2019-10-17T12:01:02+00:00","description":"Silver Lining Interior Design & Home D\u00e9cor offre des services de conception, de d\u00e9coration et de mise en sc\u00e8ne pour r\u00e9pondre \u00e0 vos besoins. Services offerts \u00e0 Frederiction Nouveau-Brunswick et dans les communaut\u00e9s environnantes.","breadcrumb":{"@id":"https:\/\/www.silverlininghomedecor.com\/fr\/test-page\/#breadcrumb"},"inLanguage":"fr-FR","potentialAction":[{"@type":"ReadAction","target":["https:\/\/www.silverlininghomedecor.com\/fr\/test-page\/"]}]},{"@type":"BreadcrumbList","@id":"https:\/\/www.silverlininghomedecor.com\/fr\/test-page\/#breadcrumb","itemListElement":[{"@type":"ListItem","position":1,"name":"Home","item":"https:\/\/www.silverlininghomedecor.com\/fr\/"},{"@type":"ListItem","position":2,"name":"Test Page &#8211; FR"}]},{"@type":"WebSite","@id":"https:\/\/www.silverlininghomedecor.com\/fr\/#website","url":"https:\/\/www.silverlininghomedecor.com\/fr\/","name":"Silver Lining Interior Design & Home D\u00e9cor - Fredericton NB","description":"Interior Design &amp; Home D\u00e9cor","publisher":{"@id":"https:\/\/www.silverlininghomedecor.com\/fr\/#organization"},"potentialAction":[{"@type":"SearchAction","target":{"@type":"EntryPoint","urlTemplate":"https:\/\/www.silverlininghomedecor.com\/fr\/?s={search_term_string}"},"query-input":"required name=search_term_string"}],"inLanguage":"fr-FR"},{"@type":"Organization","@id":"https:\/\/www.silverlininghomedecor.com\/fr\/#organization","name":"Silver Lining Interior Design & Home D\u00e9cor - Fredericton NB","url":"https:\/\/www.silverlininghomedecor.com\/fr\/","logo":{"@type":"ImageObject","inLanguage":"fr-FR","@id":"https:\/\/www.silverlininghomedecor.com\/fr\/#\/schema\/logo\/image\/","url":"http:\/\/www.silverlininghomedecor.com\/wp-content\/uploads\/2023\/05\/Screen-Shot-2023-05-31-at-8.58.02-AM.png","contentUrl":"http:\/\/www.silverlininghomedecor.com\/wp-content\/uploads\/2023\/05\/Screen-Shot-2023-05-31-at-8.58.02-AM.png","width":1138,"height":518,"caption":"Silver Lining Interior Design & Home D\u00e9cor - Fredericton NB"},"image":{"@id":"https:\/\/www.silverlininghomedecor.com\/fr\/#\/schema\/logo\/image\/"},"sameAs":["https:\/\/www.facebook.com\/silverlininghomedecor","https:\/\/www.houzz.com\/professionals\/interior-designers-and-decorators\/silver-lining-home-decor-pfvwus-pf~1513545398","https:\/\/www.instagram.com\/silverlininghomedecor"]}]}},"_links":{"self":[{"href":"https:\/\/www.silverlininghomedecor.com\/fr\/wp-json\/wp\/v2\/pages\/693"}],"collection":[{"href":"https:\/\/www.silverlininghomedecor.com\/fr\/wp-json\/wp\/v2\/pages"}],"about":[{"href":"https:\/\/www.silverlininghomedecor.com\/fr\/wp-json\/wp\/v2\/types\/page"}],"author":[{"embeddable":true,"href":"https:\/\/www.silverlininghomedecor.com\/fr\/wp-json\/wp\/v2\/users\/2"}],"replies":[{"embeddable":true,"href":"https:\/\/www.silverlininghomedecor.com\/fr\/wp-json\/wp\/v2\/comments?post=693"}],"version-history":[{"count":2,"href":"https:\/\/www.silverlininghomedecor.com\/fr\/wp-json\/wp\/v2\/pages\/693\/revisions"}],"predecessor-version":[{"id":695,"href":"https:\/\/www.silverlininghomedecor.com\/fr\/wp-json\/wp\/v2\/pages\/693\/revisions\/695"}],"wp:featuredmedia":[{"embeddable":true,"href":"https:\/\/www.silverlininghomedecor.com\/fr\/wp-json\/wp\/v2\/media\/623"}],"wp:attachment":[{"href":"https:\/\/www.silverlininghomedecor.com\/fr\/wp-json\/wp\/v2\/media?parent=693"}],"curies":[{"name":"wp","href":"https:\/\/api.w.org\/{rel}","templated":true}]}}